{"id":32910,"date":"2025-11-11T02:42:26","date_gmt":"2025-11-11T02:42:26","guid":{"rendered":"https:\/\/steendesign.ae\/?post_type=product&#038;p=32910"},"modified":"2025-12-06T15:17:20","modified_gmt":"2025-12-06T15:17:20","slug":"doppelreihiges-armband","status":"publish","type":"product","link":"https:\/\/steendesign.ae\/en\/product\/doppelreihiges-armband\/","title":{"rendered":"MAQ Armband \u201eBlack &#038; Silver \u2026"},"content":{"rendered":"<p data-start=\"242\" data-end=\"572\">Warum Du dieses Armband lieben wirst?<\/p>\n<p data-start=\"242\" data-end=\"572\">Ein Statement in Zur\u00fcckhaltung \u2013 handgefertigt auf Mallorca, mit gl\u00e4nzenden H\u00e4matit-, Onyx- und Perlmutt-Elementen in edlen Schwarz-, Grau- und Silbert\u00f6nen.<br data-start=\"398\" data-end=\"401\" \/>Dieses Armband steht f\u00fcr Understatement mit Charakter \u2013 modern, klar und dennoch sinnlich.<br data-start=\"491\" data-end=\"494\" \/>Einzeln getragen ein dezenter Blickfang, im Duo ein starkes Style-Statement.<\/p>\n<p data-start=\"574\" data-end=\"823\">\u2728 <strong data-start=\"576\" data-end=\"587\">Details<\/strong><br data-start=\"587\" data-end=\"590\" \/>\u2013 Handgefertigt in einem mallorquinischen Atelier<br data-start=\"639\" data-end=\"642\" \/>\u2013 Verstellbares Band mit Edelstahlenden<br data-start=\"681\" data-end=\"684\" \/>\u2013 Kombination aus H\u00e4matit, Onyx und Glasperlen<br data-start=\"730\" data-end=\"733\" \/>\u2013 Farben: Schwarz | Grau | Silber<\/p>\n<p data-start=\"574\" data-end=\"823\">Exklusiv in Deutschland nur bei SteenDesign erh\u00e4ltlich.<\/p>\n<p data-start=\"574\" data-end=\"823\">Sehr limitierte St\u00fcckzahl!<\/p>\n<p data-start=\"574\" data-end=\"823\">&#8211;<\/p>\n<p data-start=\"825\" data-end=\"887\">\ud83e\udeb6 <em data-start=\"828\" data-end=\"887\">\u201eSubtil. Stark. Authentisch. Dein Stil \u2013 dein Statement.\u201c<\/em><\/p>","protected":false},"excerpt":{"rendered":"<p>Warum Du dieses Armband lieben wirst? Ein Statement in Zur\u00fcckhaltung \u2013 handgefertigt auf Mallorca, mit gl\u00e4nzenden H\u00e4matit-, Onyx- und Perlmutt-Elementen in edlen Schwarz-, Grau- und Silbert\u00f6nen.Dieses Armband steht f\u00fcr Understatement mit Charakter \u2013 modern, klar und dennoch sinnlich.Einzeln getragen ein dezenter Blickfang, im Duo ein starkes Style-Statement. \u2728 Details\u2013 Handgefertigt in einem mallorquinischen Atelier\u2013 Verstellbares [&hellip;]<\/p>","protected":false},"featured_media":32908,"comment_status":"open","ping_status":"closed","template":"","meta":[],"pwb-brand":[],"product_brand":[350],"product_cat":[419,18],"product_tag":[425],"brand":[149],"class_list":{"0":"post-32910","1":"product","2":"type-product","3":"status-publish","4":"has-post-thumbnail","6":"product_brand-maq","7":"product_cat-neue-produkte","8":"product_cat-armbander","9":"product_tag-beststeller","10":"brand-maq","12":"first","13":"instock","14":"taxable","15":"shipping-taxable","16":"purchasable","17":"product-type-variable"},"bundled_by":[],"bundle_stock_status":"instock","bundle_stock_quantity":null,"bundle_virtual":false,"bundle_layout":"","bundle_add_to_cart_form_location":"","bundle_editable_in_cart":false,"bundle_sold_individually_context":"","bundle_item_grouping":"","bundle_min_size":"","bundle_max_size":"","bundle_price":[],"bundled_items":[],"bundle_sell_ids":[32339],"brands":[],"_links":{"self":[{"href":"https:\/\/steendesign.ae\/en\/wp-json\/wp\/v2\/product\/32910","targetHints":{"allow":["GET"]}}],"collection":[{"href":"https:\/\/steendesign.ae\/en\/wp-json\/wp\/v2\/product"}],"about":[{"href":"https:\/\/steendesign.ae\/en\/wp-json\/wp\/v2\/types\/product"}],"replies":[{"embeddable":true,"href":"https:\/\/steendesign.ae\/en\/wp-json\/wp\/v2\/comments?post=32910"}],"wp:featuredmedia":[{"embeddable":true,"href":"https:\/\/steendesign.ae\/en\/wp-json\/wp\/v2\/media\/32908"}],"wp:attachment":[{"href":"https:\/\/steendesign.ae\/en\/wp-json\/wp\/v2\/media?parent=32910"}],"wp:term":[{"taxonomy":"pwb-brand","embeddable":true,"href":"https:\/\/steendesign.ae\/en\/wp-json\/wp\/v2\/pwb-brand?post=32910"},{"taxonomy":"product_brand","embeddable":true,"href":"https:\/\/steendesign.ae\/en\/wp-json\/wp\/v2\/product_brand?post=32910"},{"taxonomy":"product_cat","embeddable":true,"href":"https:\/\/steendesign.ae\/en\/wp-json\/wp\/v2\/product_cat?post=32910"},{"taxonomy":"product_tag","embeddable":true,"href":"https:\/\/steendesign.ae\/en\/wp-json\/wp\/v2\/product_tag?post=32910"},{"taxonomy":"brand","embeddable":true,"href":"https:\/\/steendesign.ae\/en\/wp-json\/wp\/v2\/brand?post=32910"}],"curies":[{"name":"wp","href":"https:\/\/api.w.org\/{rel}","templated":true}]}}