{"id":32742,"date":"2025-06-21T11:45:21","date_gmt":"2025-06-21T11:45:21","guid":{"rendered":"https:\/\/steendesign.ae\/?post_type=product&#038;p=32742"},"modified":"2025-11-22T09:45:02","modified_gmt":"2025-11-22T09:45:02","slug":"summer-signature-set","status":"publish","type":"product","link":"https:\/\/steendesign.ae\/en\/product\/summer-signature-set\/","title":{"rendered":"Summer Signature Set\u2026"},"content":{"rendered":"<ol>\n<li>Hi Der Sommer ist da! Mit diesem wundersch\u00f6nen Schmuckset bist du bestens f\u00fcr den Sommr ausgestattet. Das Set besteht aus einer t\u00fcrkisfarbenen Kette, die sowohl lang, als auhc kurz getragen werden kann und den dazu passenden Ohrringen.<\/li>\n<\/ol>\n<p>Alles handgefertigt in einem kleinen Atelier auf Mallorca, individuell &#8211; f\u00fcr Dich!<\/p>\n<p>&nbsp;<\/p>\n<p>&nbsp;<\/p>","protected":false},"excerpt":{"rendered":"<p>Hi Der Sommer ist da! Mit diesem wundersch\u00f6nen Schmuckset bist du bestens f\u00fcr den Sommr ausgestattet. Das Set besteht aus einer t\u00fcrkisfarbenen Kette, die sowohl lang, als auhc kurz getragen werden kann und den dazu passenden Ohrringen. Alles handgefertigt in einem kleinen Atelier auf Mallorca, individuell &#8211; f\u00fcr Dich! &nbsp; &nbsp;<\/p>","protected":false},"featured_media":32743,"comment_status":"open","ping_status":"closed","template":"","meta":[],"pwb-brand":[],"product_brand":[350],"product_cat":[402,124,125,126],"product_tag":[],"brand":[],"class_list":{"0":"post-32742","1":"product","2":"type-product","3":"status-publish","4":"has-post-thumbnail","6":"product_brand-maq","7":"product_cat-signature-sets","8":"product_cat-schmuck","9":"product_cat-halsketten","10":"product_cat-ohrringe","12":"first","13":"outofstock","14":"sale","15":"virtual","16":"taxable","17":"purchasable","18":"product-type-bundle"},"bundled_by":[],"bundle_stock_status":"outofstock","bundle_stock_quantity":0,"bundle_virtual":false,"bundle_layout":"default","bundle_add_to_cart_form_location":"default","bundle_editable_in_cart":false,"bundle_sold_individually_context":"product","bundle_item_grouping":"parent","bundle_min_size":"","bundle_max_size":"","bundle_price":{"price":{"min":{"incl_tax":"149","excl_tax":"125.210084"},"max":{"incl_tax":"149","excl_tax":"125.210084"}},"regular_price":{"min":{"incl_tax":"169","excl_tax":"142.016807"},"max":{"incl_tax":"169","excl_tax":"142.016807"}}},"bundled_items":[{"bundled_item_id":5,"product_id":31703,"menu_order":0,"quantity_min":1,"quantity_max":1,"quantity_default":1,"priced_individually":false,"shipped_individually":false,"override_title":false,"title":"Kette C25.001","override_description":false,"description":"","optional":false,"hide_thumbnail":false,"discount":"","override_variations":false,"allowed_variations":[],"override_default_variation_attributes":false,"default_variation_attributes":[],"single_product_visibility":"visible","cart_visibility":"visible","order_visibility":"visible","single_product_price_visibility":"visible","cart_price_visibility":"visible","order_price_visibility":"visible","stock_status":"in_stock"},{"bundled_item_id":6,"product_id":31842,"menu_order":1,"quantity_min":1,"quantity_max":1,"quantity_default":1,"priced_individually":false,"shipped_individually":false,"override_title":false,"title":"Ohrring P25.018","override_description":false,"description":"","optional":false,"hide_thumbnail":false,"discount":"","override_variations":false,"allowed_variations":[],"override_default_variation_attributes":false,"default_variation_attributes":[],"single_product_visibility":"visible","cart_visibility":"visible","order_visibility":"visible","single_product_price_visibility":"visible","cart_price_visibility":"visible","order_price_visibility":"visible","stock_status":"in_stock"}],"bundle_sell_ids":[],"brands":[],"_links":{"self":[{"href":"https:\/\/steendesign.ae\/en\/wp-json\/wp\/v2\/product\/32742","targetHints":{"allow":["GET"]}}],"collection":[{"href":"https:\/\/steendesign.ae\/en\/wp-json\/wp\/v2\/product"}],"about":[{"href":"https:\/\/steendesign.ae\/en\/wp-json\/wp\/v2\/types\/product"}],"replies":[{"embeddable":true,"href":"https:\/\/steendesign.ae\/en\/wp-json\/wp\/v2\/comments?post=32742"}],"wp:featuredmedia":[{"embeddable":true,"href":"https:\/\/steendesign.ae\/en\/wp-json\/wp\/v2\/media\/32743"}],"wp:attachment":[{"href":"https:\/\/steendesign.ae\/en\/wp-json\/wp\/v2\/media?parent=32742"}],"wp:term":[{"taxonomy":"pwb-brand","embeddable":true,"href":"https:\/\/steendesign.ae\/en\/wp-json\/wp\/v2\/pwb-brand?post=32742"},{"taxonomy":"product_brand","embeddable":true,"href":"https:\/\/steendesign.ae\/en\/wp-json\/wp\/v2\/product_brand?post=32742"},{"taxonomy":"product_cat","embeddable":true,"href":"https:\/\/steendesign.ae\/en\/wp-json\/wp\/v2\/product_cat?post=32742"},{"taxonomy":"product_tag","embeddable":true,"href":"https:\/\/steendesign.ae\/en\/wp-json\/wp\/v2\/product_tag?post=32742"},{"taxonomy":"brand","embeddable":true,"href":"https:\/\/steendesign.ae\/en\/wp-json\/wp\/v2\/brand?post=32742"}],"curies":[{"name":"wp","href":"https:\/\/api.w.org\/{rel}","templated":true}]}}