{"id":31908,"date":"2025-03-28T05:06:32","date_gmt":"2025-03-28T05:06:32","guid":{"rendered":"https:\/\/development.zerosoft.in\/steendesign\/?post_type=product&#038;p=31908"},"modified":"2025-06-27T09:30:03","modified_gmt":"2025-06-27T09:30:03","slug":"armband-b25-001","status":"publish","type":"product","link":"https:\/\/steendesign.ae\/en\/product\/armband-b25-001\/","title":{"rendered":"Armband B25.001\u2026"},"content":{"rendered":"<p>These beautiful bracelets from the small but fine jewelry label MAQ are handmade on Mallorca with a lot of love. \nThe base of the mandalas is 18K gold plated, the beads are glass beads.<\/p>\n<p>These length-adjustable pull bracelets in different colors are guaranteed to bring you a good mood and a summer feeling.<\/p>\n<p>MAQ bracelets are currently only available in Germany from SteenDesign!<\/p>","protected":false},"excerpt":{"rendered":"<p>Diese wundersch\u00f6nen Armb\u00e4nder von dem kleinen aber feinen Schmucklabel MAQ werden in Handarbeit auf Mallorca mit viel Liebe hergestellt. Die Basis der Mandalas ist 18 K vergoldet, die Perlen sind Glasperlen. Diese l\u00e4ngenverstellbaren Zugarmb\u00e4nder in den verschiedenen Farben bringen garantiert gute Laune und Summerfeeling. Die Armb\u00e4nder von MAQ gibt es in Deutschland bislang nur bei [&hellip;]<\/p>","protected":false},"featured_media":32302,"comment_status":"open","ping_status":"closed","template":"","meta":[],"pwb-brand":[],"product_brand":[350],"product_cat":[18,124],"product_tag":[],"brand":[],"class_list":{"0":"post-31908","1":"product","2":"type-product","3":"status-publish","4":"has-post-thumbnail","6":"product_brand-maq","7":"product_cat-armbander","8":"product_cat-schmuck","10":"first","11":"instock","12":"taxable","13":"shipping-taxable","14":"purchasable","15":"product-type-variable"},"bundled_by":[],"bundle_stock_status":"instock","bundle_stock_quantity":15,"bundle_virtual":false,"bundle_layout":"","bundle_add_to_cart_form_location":"","bundle_editable_in_cart":false,"bundle_sold_individually_context":"","bundle_item_grouping":"","bundle_min_size":"","bundle_max_size":"","bundle_price":[],"bundled_items":[],"bundle_sell_ids":[],"brands":[],"_links":{"self":[{"href":"https:\/\/steendesign.ae\/en\/wp-json\/wp\/v2\/product\/31908","targetHints":{"allow":["GET"]}}],"collection":[{"href":"https:\/\/steendesign.ae\/en\/wp-json\/wp\/v2\/product"}],"about":[{"href":"https:\/\/steendesign.ae\/en\/wp-json\/wp\/v2\/types\/product"}],"replies":[{"embeddable":true,"href":"https:\/\/steendesign.ae\/en\/wp-json\/wp\/v2\/comments?post=31908"}],"wp:featuredmedia":[{"embeddable":true,"href":"https:\/\/steendesign.ae\/en\/wp-json\/wp\/v2\/media\/32302"}],"wp:attachment":[{"href":"https:\/\/steendesign.ae\/en\/wp-json\/wp\/v2\/media?parent=31908"}],"wp:term":[{"taxonomy":"pwb-brand","embeddable":true,"href":"https:\/\/steendesign.ae\/en\/wp-json\/wp\/v2\/pwb-brand?post=31908"},{"taxonomy":"product_brand","embeddable":true,"href":"https:\/\/steendesign.ae\/en\/wp-json\/wp\/v2\/product_brand?post=31908"},{"taxonomy":"product_cat","embeddable":true,"href":"https:\/\/steendesign.ae\/en\/wp-json\/wp\/v2\/product_cat?post=31908"},{"taxonomy":"product_tag","embeddable":true,"href":"https:\/\/steendesign.ae\/en\/wp-json\/wp\/v2\/product_tag?post=31908"},{"taxonomy":"brand","embeddable":true,"href":"https:\/\/steendesign.ae\/en\/wp-json\/wp\/v2\/brand?post=31908"}],"curies":[{"name":"wp","href":"https:\/\/api.w.org\/{rel}","templated":true}]}}