{"id":27051,"date":"2024-12-31T18:34:18","date_gmt":"2024-12-31T18:34:18","guid":{"rendered":"https:\/\/development.zerosoft.in\/steendesign\/product\/lange-lacktabletts-verschiedene-farben\/"},"modified":"2025-04-04T07:43:50","modified_gmt":"2025-04-04T07:43:50","slug":"lange-lacktabletts-verschiedene-farben","status":"publish","type":"product","link":"https:\/\/steendesign.ae\/en\/product\/lange-lacktabletts-verschiedene-farben\/","title":{"rendered":"Long lacquer trays, different colors\u2026"},"content":{"rendered":"<h5>Lacquer trays provide a frame and quickly turn loose decorations into decorative arrangements. They are practical and decorative. With the trays, nothing stands in the way of breakfast in bed on Sunday. Guests can also be elegantly entertained with coffee and tea. Our elegant and chic eye-catchers are ideal for decorative arrangements on side tables or sideboards with small bouquets of flowers, various utensils, decorative books and photo frames.<\/h5>\n<p>The lacquered wooden tray is sanded up to 11 times to create the elegant high-gloss effect. It is suitable for serving and decorating and is a practical helper in everyday life.<\/p>\n<p>The different sizes of the lacquer trays can all be perfectly combined and nested together.<\/p>\n<p>Da wir die Lacktabletts in vielen verschiedenen Farben und Gr\u00f6\u00dfen anbieten, besteht auch die M\u00f6glichkeit sie farblich zu kombinieren, sodass Farbmixe entstehen und zus\u00e4tzlich Einteilungen geschaffen werden.<\/p>\n<p>&nbsp;<\/p>\n<p>Diese l\u00e4ngliche Variante eignet sich besonders f\u00fcr die Dekoration von Esstischen mit Blumen und oder Kerzen.<\/p>\n<p>&nbsp;<\/p>\n<p><strong>Parameter trays lacquer rectangular<\/strong><\/p>\n<ul>\n<li>Material: wood, lacquer<\/li>\n<li>Gr\u00f6\u00dfe: L 100&#215;30 cm , M 50&#215;30 cm<\/li>\n<li>Farben: weiss, flannel mit weisem Rand<\/li>\n<\/ul>\n<p><strong>Care instructions: Small scratches can be removed with car polish!<\/strong><\/p>","protected":false},"excerpt":{"rendered":"<p>Lacktabletts geben einen Rahmen und machen aus loser Dekoration schnell dekorative Arrangements. Sie sind praktisch und dekorativ. Mit den Tabletts steht dem Fr\u00fchst\u00fcck im Bett am Sonntag nichts mehr im Wege. Auch G\u00e4ste lassen sich zu Kaffee und Tee elegant bewirten. Unsere edlen und schicken Hinkucker eigenen sich ideal f\u00fcr dekorative Arrangements auf Beistelltischen oder [&hellip;]<\/p>","protected":false},"featured_media":27052,"comment_status":"open","ping_status":"closed","template":"","meta":[],"pwb-brand":[],"product_brand":[389],"product_cat":[331,332,333],"product_tag":[],"brand":[153],"class_list":{"0":"post-27051","1":"product","2":"type-product","3":"status-publish","4":"has-post-thumbnail","6":"product_brand-steendesign","7":"product_cat-lackpeodukte","8":"product_cat-tabletts","9":"product_cat-rechteckige-tabletts","10":"brand-steendesign","12":"first","13":"instock","14":"taxable","15":"shipping-taxable","16":"purchasable","17":"product-type-variable"},"bundled_by":[],"bundle_stock_status":"instock","bundle_stock_quantity":2,"bundle_virtual":false,"bundle_layout":"","bundle_add_to_cart_form_location":"","bundle_editable_in_cart":false,"bundle_sold_individually_context":"","bundle_item_grouping":"","bundle_min_size":"","bundle_max_size":"","bundle_price":[],"bundled_items":[],"bundle_sell_ids":[],"brands":[],"_links":{"self":[{"href":"https:\/\/steendesign.ae\/en\/wp-json\/wp\/v2\/product\/27051","targetHints":{"allow":["GET"]}}],"collection":[{"href":"https:\/\/steendesign.ae\/en\/wp-json\/wp\/v2\/product"}],"about":[{"href":"https:\/\/steendesign.ae\/en\/wp-json\/wp\/v2\/types\/product"}],"replies":[{"embeddable":true,"href":"https:\/\/steendesign.ae\/en\/wp-json\/wp\/v2\/comments?post=27051"}],"wp:featuredmedia":[{"embeddable":true,"href":"https:\/\/steendesign.ae\/en\/wp-json\/wp\/v2\/media\/27052"}],"wp:attachment":[{"href":"https:\/\/steendesign.ae\/en\/wp-json\/wp\/v2\/media?parent=27051"}],"wp:term":[{"taxonomy":"pwb-brand","embeddable":true,"href":"https:\/\/steendesign.ae\/en\/wp-json\/wp\/v2\/pwb-brand?post=27051"},{"taxonomy":"product_brand","embeddable":true,"href":"https:\/\/steendesign.ae\/en\/wp-json\/wp\/v2\/product_brand?post=27051"},{"taxonomy":"product_cat","embeddable":true,"href":"https:\/\/steendesign.ae\/en\/wp-json\/wp\/v2\/product_cat?post=27051"},{"taxonomy":"product_tag","embeddable":true,"href":"https:\/\/steendesign.ae\/en\/wp-json\/wp\/v2\/product_tag?post=27051"},{"taxonomy":"brand","embeddable":true,"href":"https:\/\/steendesign.ae\/en\/wp-json\/wp\/v2\/brand?post=27051"}],"curies":[{"name":"wp","href":"https:\/\/api.w.org\/{rel}","templated":true}]}}