{"id":24681,"date":"2024-12-16T09:18:22","date_gmt":"2024-12-16T09:18:22","guid":{"rendered":"https:\/\/development.zerosoft.in\/steendesign\/product\/lackboxen\/"},"modified":"2025-06-03T07:31:08","modified_gmt":"2025-06-03T07:31:08","slug":"lackboxen","status":"publish","type":"product","link":"https:\/\/steendesign.ae\/en\/product\/lackboxen\/","title":{"rendered":"Lacquer boxes"},"content":{"rendered":"<h5>The stylish lacquer boxes with lids for storing your belongings offer plenty of space for your favorite items - whether make-up utensils or other small items. Thanks to the lid, all stored items are protected from dust and are always ready to hand. Whether in the bedroom, living area or bathroom. The storage boxes adapt stylishly and discreetly to any room. The boxes have been sanded and varnished up to 11 times, giving the boxes the piano lacquer effect with a stylish shine. The lacquer boxes with lids can be perfectly combined with each other as well as with other lacquer boxes or our lacquer trays. You can also find the matching lacquer picture frames in our online shop. Simply browse through and put together your personal combination of trays, boxes and picture frames.<\/h5>\n<p>&nbsp;<\/p>\n<h5>Material: wood, lacquer<\/h5>\n<h5>Size: S 15\u00d79.5\u00d76.5cm, M 20\u00d711.5\u00d78.5cm, L 25.5x15x10cm<\/h5>\n<p>&nbsp;<\/p>\n<p><strong>Care instructions:<\/strong> Small scratches can be removed with car polish!<\/p>","protected":false},"excerpt":{"rendered":"<p>Die stilvollen Lackboxen mit Deckel zur Aufbewahrung Ihrer Habseligkeiten bieten reichlich Platz f\u00fcr Ihre Lieblingsst\u00fccke \u2013 egal ob Schminkutensilien oder andere Kleinigkeiten. Durch den Deckel sind alle verstauten Gegenst\u00e4nde vor Staub gesch\u00fctzt und immer griffbereit an Ihrem Platz. Egal ob im Schlafzimmer, Wohnbereich oder im Badezimmer. Die Aufbewahrungsboxen passen sich stilvoll und dezent jedem Raum [&hellip;]<\/p>","protected":false},"featured_media":24682,"comment_status":"open","ping_status":"closed","template":"","meta":[],"pwb-brand":[],"product_brand":[],"product_cat":[343,331],"product_tag":[],"brand":[],"class_list":{"0":"post-24681","1":"product","2":"type-product","3":"status-publish","4":"has-post-thumbnail","6":"product_cat-lackboxen","7":"product_cat-lackpeodukte","9":"first","10":"instock","11":"taxable","12":"shipping-taxable","13":"purchasable","14":"product-type-variable"},"bundled_by":[],"bundle_stock_status":"instock","bundle_stock_quantity":25,"bundle_virtual":false,"bundle_layout":"","bundle_add_to_cart_form_location":"","bundle_editable_in_cart":false,"bundle_sold_individually_context":"","bundle_item_grouping":"","bundle_min_size":"","bundle_max_size":"","bundle_price":[],"bundled_items":[],"bundle_sell_ids":[],"brands":[],"_links":{"self":[{"href":"https:\/\/steendesign.ae\/en\/wp-json\/wp\/v2\/product\/24681","targetHints":{"allow":["GET"]}}],"collection":[{"href":"https:\/\/steendesign.ae\/en\/wp-json\/wp\/v2\/product"}],"about":[{"href":"https:\/\/steendesign.ae\/en\/wp-json\/wp\/v2\/types\/product"}],"replies":[{"embeddable":true,"href":"https:\/\/steendesign.ae\/en\/wp-json\/wp\/v2\/comments?post=24681"}],"wp:featuredmedia":[{"embeddable":true,"href":"https:\/\/steendesign.ae\/en\/wp-json\/wp\/v2\/media\/24682"}],"wp:attachment":[{"href":"https:\/\/steendesign.ae\/en\/wp-json\/wp\/v2\/media?parent=24681"}],"wp:term":[{"taxonomy":"pwb-brand","embeddable":true,"href":"https:\/\/steendesign.ae\/en\/wp-json\/wp\/v2\/pwb-brand?post=24681"},{"taxonomy":"product_brand","embeddable":true,"href":"https:\/\/steendesign.ae\/en\/wp-json\/wp\/v2\/product_brand?post=24681"},{"taxonomy":"product_cat","embeddable":true,"href":"https:\/\/steendesign.ae\/en\/wp-json\/wp\/v2\/product_cat?post=24681"},{"taxonomy":"product_tag","embeddable":true,"href":"https:\/\/steendesign.ae\/en\/wp-json\/wp\/v2\/product_tag?post=24681"},{"taxonomy":"brand","embeddable":true,"href":"https:\/\/steendesign.ae\/en\/wp-json\/wp\/v2\/brand?post=24681"}],"curies":[{"name":"wp","href":"https:\/\/api.w.org\/{rel}","templated":true}]}}