{"id":24531,"date":"2024-12-16T09:13:47","date_gmt":"2024-12-16T09:13:47","guid":{"rendered":"https:\/\/development.zerosoft.in\/steendesign\/product\/steenstonecollection-kreolen-vergoldet-verschiedene-farben\/"},"modified":"2025-03-29T08:52:54","modified_gmt":"2025-03-29T08:52:54","slug":"steenstonecollection-kreolen-vergoldet-verschiedene-farben","status":"publish","type":"product","link":"https:\/\/steendesign.ae\/en\/product\/steenstonecollection-kreolen-vergoldet-verschiedene-farben\/","title":{"rendered":"SteenStoneCollection \u2013 Creole\u2026"},"content":{"rendered":"<h5><strong>Elegant creoles with gemstones in strong colors designed by SteenDESIGN<br \/>\n<\/strong><\/h5>\n<p>The strong colors are the focus of this beautiful earring.<\/p>\n<p>They are set with a sparkling, colorful and cushion-cut glass stone. The earrings have the colored stones set in gold and they hang on a small, gold-colored creole. Please note that this ear jewelry is delivered as a pair.<\/p>\n<p>The earrings are in <strong>16 <\/strong>different colors available.<\/p>\n<p>&nbsp;<\/p>\n<p><strong>Colors: turquoise, light blue with a blue tinge, light blue with a green tinge, royal blue, purple, gray blue, gray, beige, brown, olive green, bottle green, light green, ros\u00e9, ros\u00e9 matt, pink and red.<\/strong><\/p>\n<p>&nbsp;<\/p>\n<p>This type of jewelry has a \u201cmix-and-match\u201d character. We therefore recommend choosing the right ring, bracelet and\/or necklace.<\/p>\n<p>In addition, you can also <strong>SteenStoneCollection<\/strong> Purchase as a complete set. The set then includes earrings, necklace, bracelet and ring. You then pay instead <strong>152 \u20ac<\/strong> only <strong>139 \u20ac.<\/strong><\/p>\n<p>&nbsp;<\/p>\n<h5><strong>Parameter earrings<\/strong><\/h5>\n<ul>\n<li>Material: 316 steel gold plated (18k)<\/li>\n<li>Color: various colors, gold<\/li>\n<li>Creoles with stone<\/li>\n<\/ul>","protected":false},"excerpt":{"rendered":"<p>Edle Kreolen mit Schmuckstein in kr\u00e4ftigen Farben designt von SteenDESIGN Die kr\u00e4ftigen Farben sind Schwerpunkt dieses wundersch\u00f6nen Ohrrings. Besetzt sind sie mit einem funkelndem, farbintensivem und im Kissenschliff gestaltetem Glasstein. Die Ohrringe haben die farbigen Steine in gold eingefasst und sie h\u00e4ngen an einer kleinen, goldfarbenen Kreole. Bitte beachten Sie, dass dieser Ohr-Schmuck als Paar [&hellip;]<\/p>","protected":false},"featured_media":24547,"comment_status":"open","ping_status":"closed","template":"","meta":[],"pwb-brand":[],"product_brand":[389],"product_cat":[124,126,128],"product_tag":[],"brand":[153],"class_list":{"0":"post-24531","1":"product","2":"type-product","3":"status-publish","4":"has-post-thumbnail","6":"product_brand-steendesign","7":"product_cat-schmuck","8":"product_cat-ohrringe","9":"product_cat-steenstone-collection","10":"brand-steendesign","12":"first","13":"instock","14":"taxable","15":"shipping-taxable","16":"product-type-variable"},"bundled_by":[],"bundle_stock_status":"instock","bundle_stock_quantity":11,"bundle_virtual":false,"bundle_layout":"","bundle_add_to_cart_form_location":"","bundle_editable_in_cart":false,"bundle_sold_individually_context":"","bundle_item_grouping":"","bundle_min_size":"","bundle_max_size":"","bundle_price":[],"bundled_items":[],"bundle_sell_ids":[],"brands":[],"_links":{"self":[{"href":"https:\/\/steendesign.ae\/en\/wp-json\/wp\/v2\/product\/24531","targetHints":{"allow":["GET"]}}],"collection":[{"href":"https:\/\/steendesign.ae\/en\/wp-json\/wp\/v2\/product"}],"about":[{"href":"https:\/\/steendesign.ae\/en\/wp-json\/wp\/v2\/types\/product"}],"replies":[{"embeddable":true,"href":"https:\/\/steendesign.ae\/en\/wp-json\/wp\/v2\/comments?post=24531"}],"wp:featuredmedia":[{"embeddable":true,"href":"https:\/\/steendesign.ae\/en\/wp-json\/wp\/v2\/media\/24547"}],"wp:attachment":[{"href":"https:\/\/steendesign.ae\/en\/wp-json\/wp\/v2\/media?parent=24531"}],"wp:term":[{"taxonomy":"pwb-brand","embeddable":true,"href":"https:\/\/steendesign.ae\/en\/wp-json\/wp\/v2\/pwb-brand?post=24531"},{"taxonomy":"product_brand","embeddable":true,"href":"https:\/\/steendesign.ae\/en\/wp-json\/wp\/v2\/product_brand?post=24531"},{"taxonomy":"product_cat","embeddable":true,"href":"https:\/\/steendesign.ae\/en\/wp-json\/wp\/v2\/product_cat?post=24531"},{"taxonomy":"product_tag","embeddable":true,"href":"https:\/\/steendesign.ae\/en\/wp-json\/wp\/v2\/product_tag?post=24531"},{"taxonomy":"brand","embeddable":true,"href":"https:\/\/steendesign.ae\/en\/wp-json\/wp\/v2\/brand?post=24531"}],"curies":[{"name":"wp","href":"https:\/\/api.w.org\/{rel}","templated":true}]}}