{"id":24472,"date":"2024-12-16T09:11:55","date_gmt":"2024-12-16T09:11:55","guid":{"rendered":"https:\/\/development.zerosoft.in\/steendesign\/product\/bestseller-steenstonecollection-ring-silberfarben-verschiedene-farbe-xxs-xs-s\/"},"modified":"2025-04-05T07:19:57","modified_gmt":"2025-04-05T07:19:57","slug":"bestseller-steenstonecollection-ring-silberfarben-verschiedene-farbe-xxs-xs-s","status":"publish","type":"product","link":"https:\/\/steendesign.ae\/en\/product\/bestseller-steenstonecollection-ring-silberfarben-verschiedene-farbe-xxs-xs-s\/","title":{"rendered":"Bestseller: SteenStoneCollection &amp;#\u2026"},"content":{"rendered":"<h5><strong>Elegant ring with gemstone in strong colors designed by SteenDESIGN<\/strong><\/h5>\n<p>The strong colors are the focus of these beautiful rings. The rings are made of 316 stainless steel. They are set with a sparkling, colorful and cushion-cut glass stone. The rings are in <strong>16 <\/strong>different colors available.<\/p>\n<p>&nbsp;<\/p>\n<p>Colors: <strong>turquoise, light blue with a blue tint, light blue with a green tint, royal blue, purple, grey-blue, grey, beige, brown, olive green, bottle green, light green, ros\u00e9, matt ros\u00e9, pink and red.<\/strong><\/p>\n<p>&nbsp;<\/p>\n<p>This type of jewelry has a \u201cmix-and-match\u201d character. We therefore recommend choosing the right ring, bracelet and\/or necklace.   2-3 rings in different colors are also often worn mixed together. The rings are also available in sizes M-XXL.<\/p>\n<p>In addition, you can also <strong>SteenStoneCollection<\/strong> Purchase as a complete set. The set then includes earrings, necklace, bracelet and ring. You then pay instead <strong>152 \u20ac<\/strong> only <strong>139 \u20ac<\/strong>.<\/p>\n<p>&nbsp;<\/p>\n<h5><strong>Parameters jewelry<\/strong><\/h5>\n<ul>\n<li>Material: 316 steel<\/li>\n<li>Color: various colors, silver<\/li>\n<li>Size: XXS(15.8mm), XS(16.2mm), S(18.5mm)<\/li>\n<\/ul>","protected":false},"excerpt":{"rendered":"<p>Edler Ring mit Schmuckstein in kr\u00e4ftigen Farben designt von SteenDESIGN Die kr\u00e4ftigen Farben sind Schwerpunkt dieser wundersch\u00f6nen Ringe.\u00a0Gefertigt sind die Ringe aus 316er stainless steel. Besetzt sind sie mit einem funkelndem, farbintensivem und im Kissenschliff gestaltetem Glasstein.\u00a0Die Ringe sind in 16 verschiedenen Farben erh\u00e4ltlich. &nbsp; Farben: t\u00fcrkis, hellblau mit blaustich, hellblau mit gr\u00fcnstich, k\u00f6nigsblau, lila, [&hellip;]<\/p>","protected":false},"featured_media":24473,"comment_status":"open","ping_status":"closed","template":"","meta":[],"pwb-brand":[],"product_brand":[389],"product_cat":[124,127,128],"product_tag":[],"brand":[153],"class_list":{"0":"post-24472","1":"product","2":"type-product","3":"status-publish","4":"has-post-thumbnail","6":"product_brand-steendesign","7":"product_cat-schmuck","8":"product_cat-ringe","9":"product_cat-steenstone-collection","10":"brand-steendesign","12":"first","13":"instock","14":"taxable","15":"shipping-taxable","16":"purchasable","17":"product-type-variable"},"bundled_by":[],"bundle_stock_status":"instock","bundle_stock_quantity":144,"bundle_virtual":false,"bundle_layout":"","bundle_add_to_cart_form_location":"","bundle_editable_in_cart":false,"bundle_sold_individually_context":"","bundle_item_grouping":"","bundle_min_size":"","bundle_max_size":"","bundle_price":[],"bundled_items":[],"bundle_sell_ids":[],"brands":[],"_links":{"self":[{"href":"https:\/\/steendesign.ae\/en\/wp-json\/wp\/v2\/product\/24472","targetHints":{"allow":["GET"]}}],"collection":[{"href":"https:\/\/steendesign.ae\/en\/wp-json\/wp\/v2\/product"}],"about":[{"href":"https:\/\/steendesign.ae\/en\/wp-json\/wp\/v2\/types\/product"}],"replies":[{"embeddable":true,"href":"https:\/\/steendesign.ae\/en\/wp-json\/wp\/v2\/comments?post=24472"}],"wp:featuredmedia":[{"embeddable":true,"href":"https:\/\/steendesign.ae\/en\/wp-json\/wp\/v2\/media\/24473"}],"wp:attachment":[{"href":"https:\/\/steendesign.ae\/en\/wp-json\/wp\/v2\/media?parent=24472"}],"wp:term":[{"taxonomy":"pwb-brand","embeddable":true,"href":"https:\/\/steendesign.ae\/en\/wp-json\/wp\/v2\/pwb-brand?post=24472"},{"taxonomy":"product_brand","embeddable":true,"href":"https:\/\/steendesign.ae\/en\/wp-json\/wp\/v2\/product_brand?post=24472"},{"taxonomy":"product_cat","embeddable":true,"href":"https:\/\/steendesign.ae\/en\/wp-json\/wp\/v2\/product_cat?post=24472"},{"taxonomy":"product_tag","embeddable":true,"href":"https:\/\/steendesign.ae\/en\/wp-json\/wp\/v2\/product_tag?post=24472"},{"taxonomy":"brand","embeddable":true,"href":"https:\/\/steendesign.ae\/en\/wp-json\/wp\/v2\/brand?post=24472"}],"curies":[{"name":"wp","href":"https:\/\/api.w.org\/{rel}","templated":true}]}}