{"id":24439,"date":"2024-12-16T09:10:10","date_gmt":"2024-12-16T09:10:10","guid":{"rendered":"https:\/\/development.zerosoft.in\/steendesign\/product\/runde-lacktabletts-verschiedene-farben\/"},"modified":"2025-04-07T14:06:31","modified_gmt":"2025-04-07T14:06:31","slug":"runde-lacktabletts-verschiedene-farben","status":"publish","type":"product","link":"https:\/\/steendesign.ae\/en\/product\/runde-lacktabletts-verschiedene-farben\/","title":{"rendered":"Round lacquer trays different colors\u2026"},"content":{"rendered":"<h5>Lacquer trays provide a frame and quickly turn loose decorations into decorative arrangements. They are practical and decorative. With the trays, nothing stands in the way of breakfast in bed on Sunday. Guests can also be elegantly entertained with coffee and tea.<\/h5>\n<p>Our elegant and chic eye-catchers are ideal for decorative arrangements on side tables or sideboards with small bouquets of flowers, various utensils, decorative books and photo frames. The lacquered wooden tray is sanded up to 11 times to create the elegant high-gloss effect. It is suitable for serving and decorating and is a practical helper in everyday life. The practical handles make carrying easier.<\/p>\n<p>The round lacquer trays are currently available in dark gray, turquoise and green.<\/p>\n<p>&nbsp;<\/p>\n<p><strong>Parameters round trays varnish<\/strong><\/p>\n<ul>\n<li>Material: wood, lacquer<\/li>\n<li>Size: 35cm diameter<\/li>\n<li>Colors: dark gray, turquoise, green, white<\/li>\n<\/ul>\n<p><strong>Care instructions:<\/strong> <strong>Small scratches can be removed with car polish!<\/strong><\/p>","protected":false},"excerpt":{"rendered":"<p>Lacktabletts geben einen Rahmen und machen aus loser Dekoration schnell dekorative Arrangements. Sie sind praktisch und dekorativ. Mit den Tabletts steht dem Fr\u00fchst\u00fcck im Bett am Sonntag nichts mehr im Wege. Auch G\u00e4ste lassen sich zu Kaffee und Tee elegant bewirten. Unsere edlen und schicken Hinkucker eigenen sich ideal f\u00fcr dekorative Arrangements auf Beistelltischen oder [&hellip;]<\/p>","protected":false},"featured_media":24441,"comment_status":"open","ping_status":"closed","template":"","meta":[],"pwb-brand":[],"product_brand":[389],"product_cat":[335,331,332],"product_tag":[],"brand":[153],"class_list":{"0":"post-24439","1":"product","2":"type-product","3":"status-publish","4":"has-post-thumbnail","6":"product_brand-steendesign","7":"product_cat-runde-tabletts","8":"product_cat-lackpeodukte","9":"product_cat-tabletts","10":"brand-steendesign","12":"first","13":"instock","14":"taxable","15":"shipping-taxable","16":"purchasable","17":"product-type-variable"},"bundled_by":[],"bundle_stock_status":"instock","bundle_stock_quantity":10,"bundle_virtual":false,"bundle_layout":"","bundle_add_to_cart_form_location":"","bundle_editable_in_cart":false,"bundle_sold_individually_context":"","bundle_item_grouping":"","bundle_min_size":"","bundle_max_size":"","bundle_price":[],"bundled_items":[],"bundle_sell_ids":[],"brands":[],"_links":{"self":[{"href":"https:\/\/steendesign.ae\/en\/wp-json\/wp\/v2\/product\/24439","targetHints":{"allow":["GET"]}}],"collection":[{"href":"https:\/\/steendesign.ae\/en\/wp-json\/wp\/v2\/product"}],"about":[{"href":"https:\/\/steendesign.ae\/en\/wp-json\/wp\/v2\/types\/product"}],"replies":[{"embeddable":true,"href":"https:\/\/steendesign.ae\/en\/wp-json\/wp\/v2\/comments?post=24439"}],"wp:featuredmedia":[{"embeddable":true,"href":"https:\/\/steendesign.ae\/en\/wp-json\/wp\/v2\/media\/24441"}],"wp:attachment":[{"href":"https:\/\/steendesign.ae\/en\/wp-json\/wp\/v2\/media?parent=24439"}],"wp:term":[{"taxonomy":"pwb-brand","embeddable":true,"href":"https:\/\/steendesign.ae\/en\/wp-json\/wp\/v2\/pwb-brand?post=24439"},{"taxonomy":"product_brand","embeddable":true,"href":"https:\/\/steendesign.ae\/en\/wp-json\/wp\/v2\/product_brand?post=24439"},{"taxonomy":"product_cat","embeddable":true,"href":"https:\/\/steendesign.ae\/en\/wp-json\/wp\/v2\/product_cat?post=24439"},{"taxonomy":"product_tag","embeddable":true,"href":"https:\/\/steendesign.ae\/en\/wp-json\/wp\/v2\/product_tag?post=24439"},{"taxonomy":"brand","embeddable":true,"href":"https:\/\/steendesign.ae\/en\/wp-json\/wp\/v2\/brand?post=24439"}],"curies":[{"name":"wp","href":"https:\/\/api.w.org\/{rel}","templated":true}]}}