{"id":32673,"date":"2025-06-02T08:48:58","date_gmt":"2025-06-02T08:48:58","guid":{"rendered":"https:\/\/steendesign.ae\/?page_id=32673"},"modified":"2025-06-02T08:58:29","modified_gmt":"2025-06-02T08:58:29","slug":"feedback-nach-dem-kauf","status":"publish","type":"page","link":"https:\/\/steendesign.ae\/en\/feedback-nach-dem-kauf\/","title":{"rendered":"Feedback nach dem Kauf"},"content":{"rendered":"<p>\ud83d\udcac <strong>Deine Meinung z\u00e4hlt!<\/strong><\/p><p>Vielen lieben Dank f\u00fcr deine Bestellung bei SteenDesign \u2728<br><\/p><p>Wir m\u00f6chten unser Einkaufserlebnis noch besser machen \u2013 und freuen uns,<br>wenn du dir 1 Minute Zeit f\u00fcr ein paar kurze Fragen nimmst.<\/p><p>Deine Antworten helfen uns, echten Stil noch pers\u00f6nlicher zu gestalten. \ud83d\udc96<\/p><div class=\"wpforms-container wpforms-container-full wpforms-render-modern\" id=\"wpforms-32615\"><form id=\"wpforms-form-32615\" class=\"wpforms-validate wpforms-form wpforms-ajax-form\" data-formid=\"32615\" method=\"post\" enctype=\"multipart\/form-data\" action=\"\/en\/wp-json\/wp\/v2\/pages\/32673\" data-token=\"14d209378c73d7319362890675069dcc\" data-token-time=\"1777458690\" data-trp-original-action=\"\/en\/wp-json\/wp\/v2\/pages\/32673\"><noscript class=\"wpforms-error-noscript\">Please enable JavaScript in your browser to complete this form.<\/noscript><div class=\"wpforms-hidden\" id=\"wpforms-error-noscript\">Please enable JavaScript in your browser to complete this form.<\/div><div class=\"wpforms-field-container\"><div id=\"wpforms-32615-field_1-container\" class=\"wpforms-field wpforms-field-checkbox\" data-field-id=\"1\"><fieldset><legend class=\"wpforms-field-label\">Wo hast du von uns erfahren?<\/legend><ul id=\"wpforms-32615-field_1\"><li class=\"choice-1 depth-1\"><input type=\"checkbox\" id=\"wpforms-32615-field_1_1\" name=\"wpforms[fields][1][]\" value=\"Facebook\" aria-errormessage=\"wpforms-32615-field_1_1-error\"  ><label class=\"wpforms-field-label-inline\" for=\"wpforms-32615-field_1_1\">Facebook<\/label><\/li><li class=\"choice-4 depth-1\"><input type=\"checkbox\" id=\"wpforms-32615-field_1_4\" name=\"wpforms[fields][1][]\" value=\"Instagram\" aria-errormessage=\"wpforms-32615-field_1_4-error\"  ><label class=\"wpforms-field-label-inline\" for=\"wpforms-32615-field_1_4\">Instagram<\/label><\/li><li class=\"choice-2 depth-1\"><input type=\"checkbox\" id=\"wpforms-32615-field_1_2\" name=\"wpforms[fields][1][]\" value=\"TikTok\" aria-errormessage=\"wpforms-32615-field_1_2-error\"  ><label class=\"wpforms-field-label-inline\" for=\"wpforms-32615-field_1_2\">TikTok<\/label><\/li><li class=\"choice-3 depth-1\"><input type=\"checkbox\" id=\"wpforms-32615-field_1_3\" name=\"wpforms[fields][1][]\" value=\"YouTube\" aria-errormessage=\"wpforms-32615-field_1_3-error\"  ><label class=\"wpforms-field-label-inline\" for=\"wpforms-32615-field_1_3\">YouTube<\/label><\/li><li class=\"choice-5 depth-1\"><input type=\"checkbox\" id=\"wpforms-32615-field_1_5\" name=\"wpforms[fields][1][]\" value=\"Google\" aria-errormessage=\"wpforms-32615-field_1_5-error\"  ><label class=\"wpforms-field-label-inline\" for=\"wpforms-32615-field_1_5\">Google<\/label><\/li><li class=\"choice-6 depth-1\"><input type=\"checkbox\" id=\"wpforms-32615-field_1_6\" name=\"wpforms[fields][1][]\" value=\"Empfehlung von Dritten\" aria-errormessage=\"wpforms-32615-field_1_6-error\"  ><label class=\"wpforms-field-label-inline\" for=\"wpforms-32615-field_1_6\">Empfehlung von Dritten<\/label><\/li><li class=\"choice-7 depth-1\"><input type=\"checkbox\" id=\"wpforms-32615-field_1_7\" name=\"wpforms[fields][1][]\" value=\"Newsletter\" aria-errormessage=\"wpforms-32615-field_1_7-error\"  ><label class=\"wpforms-field-label-inline\" for=\"wpforms-32615-field_1_7\">Newsletter<\/label><\/li><li class=\"choice-8 depth-1\"><input type=\"checkbox\" id=\"wpforms-32615-field_1_8\" name=\"wpforms[fields][1][]\" value=\"Sonstiges\" aria-errormessage=\"wpforms-32615-field_1_8-error\"  ><label class=\"wpforms-field-label-inline\" for=\"wpforms-32615-field_1_8\">Sonstiges<\/label><\/li><\/ul><\/fieldset><\/div><div id=\"wpforms-32615-field_2-container\" class=\"wpforms-field wpforms-field-radio\" data-field-id=\"2\"><fieldset><legend class=\"wpforms-field-label\">Wann hast du zum ersten Mal von uns geh\u00f6rt?<\/legend><ul id=\"wpforms-32615-field_2\"><li class=\"choice-1 depth-1\"><input type=\"radio\" id=\"wpforms-32615-field_2_1\" name=\"wpforms[fields][2]\" value=\"Heute\" aria-errormessage=\"wpforms-32615-field_2_1-error\"  ><label class=\"wpforms-field-label-inline\" for=\"wpforms-32615-field_2_1\">Heute<\/label><\/li><li class=\"choice-2 depth-1\"><input type=\"radio\" id=\"wpforms-32615-field_2_2\" name=\"wpforms[fields][2]\" value=\"In den letzten Tagen\" aria-errormessage=\"wpforms-32615-field_2_2-error\"  ><label class=\"wpforms-field-label-inline\" for=\"wpforms-32615-field_2_2\">In den letzten Tagen<\/label><\/li><li class=\"choice-3 depth-1\"><input type=\"radio\" id=\"wpforms-32615-field_2_3\" name=\"wpforms[fields][2]\" value=\"Vor etwas einer Woche\" aria-errormessage=\"wpforms-32615-field_2_3-error\"  ><label class=\"wpforms-field-label-inline\" for=\"wpforms-32615-field_2_3\">Vor etwas einer Woche<\/label><\/li><li class=\"choice-4 depth-1\"><input type=\"radio\" id=\"wpforms-32615-field_2_4\" name=\"wpforms[fields][2]\" value=\"Vor mehreren Wochen\" aria-errormessage=\"wpforms-32615-field_2_4-error\"  ><label class=\"wpforms-field-label-inline\" for=\"wpforms-32615-field_2_4\">Vor mehreren Wochen<\/label><\/li><li class=\"choice-5 depth-1\"><input type=\"radio\" id=\"wpforms-32615-field_2_5\" name=\"wpforms[fields][2]\" value=\"Ich wei\u00df es nicht mehr genau\" aria-errormessage=\"wpforms-32615-field_2_5-error\"  ><label class=\"wpforms-field-label-inline\" for=\"wpforms-32615-field_2_5\">Ich wei\u00df es nicht mehr genau<\/label><\/li><\/ul><\/fieldset><\/div><div id=\"wpforms-32615-field_3-container\" class=\"wpforms-field wpforms-field-radio\" data-field-id=\"3\"><fieldset><legend class=\"wpforms-field-label\">F\u00fcr wen hast du bestellt?<\/legend><ul id=\"wpforms-32615-field_3\"><li class=\"choice-1 depth-1\"><input type=\"radio\" id=\"wpforms-32615-field_3_1\" name=\"wpforms[fields][3]\" value=\"F\u00fcr mich selbst\" aria-errormessage=\"wpforms-32615-field_3_1-error\"  ><label class=\"wpforms-field-label-inline\" for=\"wpforms-32615-field_3_1\">F\u00fcr mich selbst<\/label><\/li><li class=\"choice-2 depth-1\"><input type=\"radio\" id=\"wpforms-32615-field_3_2\" name=\"wpforms[fields][3]\" value=\"F\u00fcr eine Freundin\" aria-errormessage=\"wpforms-32615-field_3_2-error\"  ><label class=\"wpforms-field-label-inline\" for=\"wpforms-32615-field_3_2\">F\u00fcr eine Freundin<\/label><\/li><li class=\"choice-3 depth-1\"><input type=\"radio\" id=\"wpforms-32615-field_3_3\" name=\"wpforms[fields][3]\" value=\"F\u00fcr meine Partnerin\" aria-errormessage=\"wpforms-32615-field_3_3-error\"  ><label class=\"wpforms-field-label-inline\" for=\"wpforms-32615-field_3_3\">F\u00fcr meine Partnerin<\/label><\/li><li class=\"choice-4 depth-1\"><input type=\"radio\" id=\"wpforms-32615-field_3_4\" name=\"wpforms[fields][3]\" value=\"F\u00fcr meine Mutter\" aria-errormessage=\"wpforms-32615-field_3_4-error\"  ><label class=\"wpforms-field-label-inline\" for=\"wpforms-32615-field_3_4\">F\u00fcr meine Mutter<\/label><\/li><li class=\"choice-5 depth-1\"><input type=\"radio\" id=\"wpforms-32615-field_3_5\" name=\"wpforms[fields][3]\" value=\"F\u00fcr jemand anders\" aria-errormessage=\"wpforms-32615-field_3_5-error\"  ><label class=\"wpforms-field-label-inline\" for=\"wpforms-32615-field_3_5\">F\u00fcr jemand anders<\/label><\/li><\/ul><\/fieldset><\/div><div id=\"wpforms-32615-field_4-container\" class=\"wpforms-field wpforms-field-text\" data-field-id=\"4\"><label class=\"wpforms-field-label\" for=\"wpforms-32615-field_4\">Was war der Hauptgrund, warum du dich f\u00fcr SteenDesign entschieden hast?<\/label><input type=\"text\" id=\"wpforms-32615-field_4\" class=\"wpforms-field-medium\" name=\"wpforms[fields][4]\" aria-errormessage=\"wpforms-32615-field_4-error\" ><\/div><div id=\"wpforms-32615-field_5-container\" class=\"wpforms-field wpforms-field-text\" data-field-id=\"5\"><label class=\"wpforms-field-label\" for=\"wpforms-32615-field_5\">Was hat dich \u00fcberzeugt, bei uns zu kaufen?<\/label><input type=\"text\" id=\"wpforms-32615-field_5\" class=\"wpforms-field-medium\" name=\"wpforms[fields][5]\" aria-errormessage=\"wpforms-32615-field_5-error\" ><\/div><div id=\"wpforms-32615-field_6-container\" class=\"wpforms-field wpforms-field-checkbox\" data-field-id=\"6\"><fieldset><legend class=\"wpforms-field-label\">Welches Produkt hast du gekauft?<\/legend><ul id=\"wpforms-32615-field_6\"><li class=\"choice-1 depth-1\"><input type=\"checkbox\" id=\"wpforms-32615-field_6_1\" name=\"wpforms[fields][6][]\" value=\"Armband\" aria-errormessage=\"wpforms-32615-field_6_1-error\"  ><label class=\"wpforms-field-label-inline\" for=\"wpforms-32615-field_6_1\">Armband<\/label><\/li><li class=\"choice-2 depth-1\"><input type=\"checkbox\" id=\"wpforms-32615-field_6_2\" name=\"wpforms[fields][6][]\" value=\"Halskette\" aria-errormessage=\"wpforms-32615-field_6_2-error\"  ><label class=\"wpforms-field-label-inline\" for=\"wpforms-32615-field_6_2\">Halskette<\/label><\/li><li class=\"choice-3 depth-1\"><input type=\"checkbox\" id=\"wpforms-32615-field_6_3\" name=\"wpforms[fields][6][]\" value=\"Ohrringe\" aria-errormessage=\"wpforms-32615-field_6_3-error\"  ><label class=\"wpforms-field-label-inline\" for=\"wpforms-32615-field_6_3\">Earrings<\/label><\/li><li class=\"choice-4 depth-1\"><input type=\"checkbox\" id=\"wpforms-32615-field_6_4\" name=\"wpforms[fields][6][]\" value=\"Bundle\/Set\" aria-errormessage=\"wpforms-32615-field_6_4-error\"  ><label class=\"wpforms-field-label-inline\" for=\"wpforms-32615-field_6_4\">Bundle\/Set<\/label><\/li><li class=\"choice-5 depth-1\"><input type=\"checkbox\" id=\"wpforms-32615-field_6_5\" name=\"wpforms[fields][6][]\" value=\"Anderes\" aria-errormessage=\"wpforms-32615-field_6_5-error\"  ><label class=\"wpforms-field-label-inline\" for=\"wpforms-32615-field_6_5\">Anderes<\/label><\/li><\/ul><\/fieldset><\/div><div id=\"wpforms-32615-field_7-container\" class=\"wpforms-field wpforms-field-text\" data-field-id=\"7\"><label class=\"wpforms-field-label\" for=\"wpforms-32615-field_7\">Was h\u00e4tte dich fast davon abgehalten bei uns zu kaufen?<\/label><input type=\"text\" id=\"wpforms-32615-field_7\" class=\"wpforms-field-medium\" name=\"wpforms[fields][7]\" aria-errormessage=\"wpforms-32615-field_7-error\" ><\/div><div id=\"wpforms-32615-field_8-container\" class=\"wpforms-field wpforms-field-text\" data-field-id=\"8\"><label class=\"wpforms-field-label\" for=\"wpforms-32615-field_8\">Hast du andere \u00e4hnliche Marken ausprobiert oder in betracht gezogen, bevor du dich f\u00fcr uns entschieden hast? Wenn ja welche?<\/label><input type=\"text\" id=\"wpforms-32615-field_8\" class=\"wpforms-field-medium\" name=\"wpforms[fields][8]\" aria-errormessage=\"wpforms-32615-field_8-error\" ><\/div><div id=\"wpforms-32615-field_9-container\" class=\"wpforms-field wpforms-field-text\" data-field-id=\"9\"><label class=\"wpforms-field-label\" for=\"wpforms-32615-field_9\">Was ist der Hauptnutzen oder Vorteil, den du dir von unseren Produkten erhoffst?<\/label><input type=\"text\" id=\"wpforms-32615-field_9\" class=\"wpforms-field-medium\" name=\"wpforms[fields][9]\" aria-errormessage=\"wpforms-32615-field_9-error\" ><\/div><div id=\"wpforms-32615-field_10-container\" class=\"wpforms-field wpforms-field-checkbox\" data-field-id=\"10\"><fieldset><legend class=\"wpforms-field-label\">Wie alt bist du?<\/legend><ul id=\"wpforms-32615-field_10\"><li class=\"choice-1 depth-1\"><input type=\"checkbox\" id=\"wpforms-32615-field_10_1\" name=\"wpforms[fields][10][]\" value=\"18-24\" aria-errormessage=\"wpforms-32615-field_10_1-error\"  ><label class=\"wpforms-field-label-inline\" for=\"wpforms-32615-field_10_1\">18-24<\/label><\/li><li class=\"choice-2 depth-1\"><input type=\"checkbox\" id=\"wpforms-32615-field_10_2\" name=\"wpforms[fields][10][]\" value=\"25-29\" aria-errormessage=\"wpforms-32615-field_10_2-error\"  ><label class=\"wpforms-field-label-inline\" for=\"wpforms-32615-field_10_2\">25-29<\/label><\/li><li class=\"choice-3 depth-1\"><input type=\"checkbox\" id=\"wpforms-32615-field_10_3\" name=\"wpforms[fields][10][]\" value=\"30-34\" aria-errormessage=\"wpforms-32615-field_10_3-error\"  ><label class=\"wpforms-field-label-inline\" for=\"wpforms-32615-field_10_3\">30-34<\/label><\/li><li class=\"choice-4 depth-1\"><input type=\"checkbox\" id=\"wpforms-32615-field_10_4\" name=\"wpforms[fields][10][]\" value=\"35-44\" aria-errormessage=\"wpforms-32615-field_10_4-error\"  ><label class=\"wpforms-field-label-inline\" for=\"wpforms-32615-field_10_4\">35-44<\/label><\/li><li class=\"choice-5 depth-1\"><input type=\"checkbox\" id=\"wpforms-32615-field_10_5\" name=\"wpforms[fields][10][]\" value=\"45-54\" aria-errormessage=\"wpforms-32615-field_10_5-error\"  ><label class=\"wpforms-field-label-inline\" for=\"wpforms-32615-field_10_5\">45-54<\/label><\/li><li class=\"choice-6 depth-1\"><input type=\"checkbox\" id=\"wpforms-32615-field_10_6\" name=\"wpforms[fields][10][]\" value=\"55-64\" aria-errormessage=\"wpforms-32615-field_10_6-error\"  ><label class=\"wpforms-field-label-inline\" for=\"wpforms-32615-field_10_6\">55-64<\/label><\/li><li class=\"choice-7 depth-1\"><input type=\"checkbox\" id=\"wpforms-32615-field_10_7\" name=\"wpforms[fields][10][]\" value=\"65 oder \u00e4lter\" aria-errormessage=\"wpforms-32615-field_10_7-error\"  ><label class=\"wpforms-field-label-inline\" for=\"wpforms-32615-field_10_7\">65 oder \u00e4lter<\/label><\/li><\/ul><\/fieldset><\/div><div id=\"wpforms-32615-field_11-container\" class=\"wpforms-field wpforms-field-text\" data-field-id=\"11\"><label class=\"wpforms-field-label\" for=\"wpforms-32615-field_11\">Was ist dein Beruf?<\/label><input type=\"text\" id=\"wpforms-32615-field_11\" class=\"wpforms-field-medium\" name=\"wpforms[fields][11]\" aria-errormessage=\"wpforms-32615-field_11-error\" ><\/div><div id=\"wpforms-32615-field_12-container\" class=\"wpforms-field wpforms-field-text\" data-field-id=\"12\"><label class=\"wpforms-field-label\" for=\"wpforms-32615-field_12\">Hast Du noch Verbesserungsvorschl\u00e4ge, die du uns gerne mitteilen m\u00f6chtest? (Beispiele: Website nicht selbsterkl\u00e4rend, fehlende Informationen, Kunden-Support langsam, usw.)<\/label><input type=\"text\" id=\"wpforms-32615-field_12\" class=\"wpforms-field-medium\" name=\"wpforms[fields][12]\" aria-errormessage=\"wpforms-32615-field_12-error\" ><\/div><div id=\"wpforms-32615-field_13-container\" class=\"wpforms-field wpforms-field-textarea\" data-field-id=\"13\"><label class=\"wpforms-field-label\" for=\"wpforms-32615-field_13\">Vielen lieben Dank f\u00fcr deine Zeit \ud83d\udc95 Du bist ein Teil unserer Reise.<\/label><textarea id=\"wpforms-32615-field_13\" class=\"wpforms-field-medium\" name=\"wpforms[fields][13]\" aria-errormessage=\"wpforms-32615-field_13-error\" ><\/textarea><\/div><\/div><!-- .wpforms-field-container --><div class=\"wpforms-submit-container\" ><input type=\"hidden\" name=\"wpforms[id]\" value=\"32615\"><input type=\"hidden\" name=\"page_title\" value=\"\"><input type=\"hidden\" name=\"page_url\" value=\"https:\/\/steendesign.ae\/en\/wp-json\/wp\/v2\/pages\/32673\"><input type=\"hidden\" name=\"url_referer\" value=\"\"><button type=\"submit\" name=\"wpforms[submit]\" id=\"wpforms-submit-32615\" class=\"wpforms-submit\" data-alt-text=\"Sending...\" data-submit-text=\"Submit\" aria-live=\"assertive\" value=\"wpforms-submit\">Submit<\/button><img decoding=\"async\" src=\"https:\/\/steendesign.ae\/wp-content\/plugins\/wpforms-lite\/assets\/images\/submit-spin.svg\" class=\"wpforms-submit-spinner\" style=\"display: none;\" width=\"26\" height=\"26\" alt=\"Loading\"><\/div><input type=\"hidden\" name=\"trp-form-language\" value=\"en\"\/><\/form><\/div>  <!-- .wpforms-container --><p><\/p>","protected":false},"excerpt":{"rendered":"<p>\ud83d\udcac Deine Meinung z\u00e4hlt! Vielen lieben Dank f\u00fcr deine Bestellung bei SteenDesign \u2728 Wir m\u00f6chten unser Einkaufserlebnis noch besser machen \u2013 und freuen uns,wenn du dir 1 Minute Zeit f\u00fcr ein paar kurze Fragen nimmst. Deine Antworten helfen uns, echten Stil noch pers\u00f6nlicher zu gestalten. \ud83d\udc96<\/p>","protected":false},"author":1,"featured_media":0,"parent":0,"menu_order":0,"comment_status":"closed","ping_status":"closed","template":"","meta":{"footnotes":""},"class_list":["post-32673","page","type-page","status-publish","hentry"],"_links":{"self":[{"href":"https:\/\/steendesign.ae\/en\/wp-json\/wp\/v2\/pages\/32673","targetHints":{"allow":["GET"]}}],"collection":[{"href":"https:\/\/steendesign.ae\/en\/wp-json\/wp\/v2\/pages"}],"about":[{"href":"https:\/\/steendesign.ae\/en\/wp-json\/wp\/v2\/types\/page"}],"author":[{"embeddable":true,"href":"https:\/\/steendesign.ae\/en\/wp-json\/wp\/v2\/users\/1"}],"replies":[{"embeddable":true,"href":"https:\/\/steendesign.ae\/en\/wp-json\/wp\/v2\/comments?post=32673"}],"version-history":[{"count":2,"href":"https:\/\/steendesign.ae\/en\/wp-json\/wp\/v2\/pages\/32673\/revisions"}],"predecessor-version":[{"id":32675,"href":"https:\/\/steendesign.ae\/en\/wp-json\/wp\/v2\/pages\/32673\/revisions\/32675"}],"wp:attachment":[{"href":"https:\/\/steendesign.ae\/en\/wp-json\/wp\/v2\/media?parent=32673"}],"curies":[{"name":"wp","href":"https:\/\/api.w.org\/{rel}","templated":true}]}}