{"id":24,"date":"2025-02-18T09:28:07","date_gmt":"2025-02-18T09:28:07","guid":{"rendered":"http:\/\/development.zerosoft.in\/steendesign\/?page_id=24"},"modified":"2025-02-18T09:32:19","modified_gmt":"2025-02-18T09:32:19","slug":"cancellation-policy","status":"publish","type":"page","link":"https:\/\/steendesign.ae\/en\/cancellation-policy\/","title":{"rendered":"Cancellation Policy"},"content":{"rendered":"<h3 class=\"wp-block-heading\">Cancellation Policy<\/h3><p><br>You have the right to cancel this contract within 14 days without giving reasons.<br><br><\/p><h4 class=\"wp-block-heading\">1. Cancellation period<\/h4><p><br>The cancellation period is 14 days from the day on which you or a third party named by you took possession of the goods.<br><br><\/p><h4 class=\"wp-block-heading\">2. Declaration of withdrawal<\/h4><p><br>In order to exercise your right of withdrawal, you must inform us in writing (e.g. by email or letter) of your decision:<br><br>SteenDesign FZ-LLC\u00a0<br>Landgraf Gustav Ring 3\u00a0<br>61348 Bad Homburg, Germany\u00a0<br>E-Mail: <a href=\"mailto:info@steendesign.com\">info@steendesign.com<\/a>\u00a0<br><br><\/p><h4 class=\"wp-block-heading\">3. Consequences of revocation<\/h4><p><br>If you cancel this contract, we will refund you all payments including shipping costs within 14 days of receipt of the return. We will cover the return shipping costs.<br><br><\/p>","protected":false},"excerpt":{"rendered":"<p>Widerrufsbelehrung Sie haben das Recht, binnen 14 Tagen ohne Angabe von Gr\u00fcnden diesen Vertrag zu widerrufen. 1. Widerrufsfrist Die Widerrufsfrist betr\u00e4gt 14 Tage ab dem Tag, an dem Sie oder ein von Ihnen benannter Dritter die Waren in Besitz genommen haben. 2. Widerrufserkl\u00e4rung Um Ihr Widerrufsrecht auszu\u00fcben, m\u00fcssen Sie uns schriftlich (z. B. per E-Mail [&hellip;]<\/p>","protected":false},"author":1,"featured_media":0,"parent":0,"menu_order":0,"comment_status":"closed","ping_status":"closed","template":"","meta":{"footnotes":""},"class_list":["post-24","page","type-page","status-publish","hentry"],"_links":{"self":[{"href":"https:\/\/steendesign.ae\/en\/wp-json\/wp\/v2\/pages\/24","targetHints":{"allow":["GET"]}}],"collection":[{"href":"https:\/\/steendesign.ae\/en\/wp-json\/wp\/v2\/pages"}],"about":[{"href":"https:\/\/steendesign.ae\/en\/wp-json\/wp\/v2\/types\/page"}],"author":[{"embeddable":true,"href":"https:\/\/steendesign.ae\/en\/wp-json\/wp\/v2\/users\/1"}],"replies":[{"embeddable":true,"href":"https:\/\/steendesign.ae\/en\/wp-json\/wp\/v2\/comments?post=24"}],"version-history":[{"count":3,"href":"https:\/\/steendesign.ae\/en\/wp-json\/wp\/v2\/pages\/24\/revisions"}],"predecessor-version":[{"id":31062,"href":"https:\/\/steendesign.ae\/en\/wp-json\/wp\/v2\/pages\/24\/revisions\/31062"}],"wp:attachment":[{"href":"https:\/\/steendesign.ae\/en\/wp-json\/wp\/v2\/media?parent=24"}],"curies":[{"name":"wp","href":"https:\/\/api.w.org\/{rel}","templated":true}]}}