{"id":18432,"date":"2024-12-02T12:28:04","date_gmt":"2024-12-02T12:28:04","guid":{"rendered":"https:\/\/development.zerosoft.in\/steendesign\/?page_id=18432"},"modified":"2025-01-30T09:41:46","modified_gmt":"2025-01-30T09:41:46","slug":"ausstellungsraum-dubai","status":"publish","type":"page","link":"https:\/\/steendesign.ae\/en\/ausstellungsraum-dubai\/","title":{"rendered":"Dubai"},"content":{"rendered":"<div data-elementor-type=\"wp-page\" data-elementor-id=\"18432\" class=\"elementor elementor-18432\">\n\t\t\t\t\t\t<section class=\"elementor-section elementor-top-section elementor-element elementor-element-29b1a6c elementor-section-boxed elementor-section-height-default elementor-section-height-default\" data-id=\"29b1a6c\" data-element_type=\"section\" data-settings=\"{&quot;background_background&quot;:&quot;classic&quot;}\">\r\n\t\t\t\t\t\t<div class=\"elementor-container elementor-column-gap-default jws_section_\" >\r\n\t\t\t\t<div class=\"elementor-column elementor-col-50 elementor-top-column elementor-element elementor-element-b56d905\" data-id=\"b56d905\" data-element_type=\"column\">\n\t\t\t<div class=\"elementor-widget-wrap elementor-element-populated\">\n\t\t\t\t\t\t<div class=\"elementor-element elementor-element-33f9809 elementor-widget elementor-widget-image\" data-id=\"33f9809\" data-element_type=\"widget\" data-widget_type=\"image.default\">\n\t\t\t\t<div class=\"elementor-widget-container\">\n\t\t\t\t\t\t\t\t\t\t\t\t\t\t\t<img fetchpriority=\"high\" decoding=\"async\" width=\"1080\" height=\"1080\" src=\"https:\/\/steendesign.ae\/wp-content\/uploads\/2025\/01\/WhatsApp-Image-2025-01-29-at-2.28.13-PM.jpeg\" class=\"attachment-full size-full wp-image-30524\" alt=\"\" srcset=\"https:\/\/steendesign.ae\/wp-content\/uploads\/2025\/01\/WhatsApp-Image-2025-01-29-at-2.28.13-PM.jpeg 1080w, https:\/\/steendesign.ae\/wp-content\/uploads\/2025\/01\/WhatsApp-Image-2025-01-29-at-2.28.13-PM-300x300.jpeg 300w, https:\/\/steendesign.ae\/wp-content\/uploads\/2025\/01\/WhatsApp-Image-2025-01-29-at-2.28.13-PM-1024x1024.jpeg 1024w, https:\/\/steendesign.ae\/wp-content\/uploads\/2025\/01\/WhatsApp-Image-2025-01-29-at-2.28.13-PM-150x150.jpeg 150w, https:\/\/steendesign.ae\/wp-content\/uploads\/2025\/01\/WhatsApp-Image-2025-01-29-at-2.28.13-PM-768x768.jpeg 768w, https:\/\/steendesign.ae\/wp-content\/uploads\/2025\/01\/WhatsApp-Image-2025-01-29-at-2.28.13-PM-12x12.jpeg 12w, https:\/\/steendesign.ae\/wp-content\/uploads\/2025\/01\/WhatsApp-Image-2025-01-29-at-2.28.13-PM-200x200.jpeg 200w, https:\/\/steendesign.ae\/wp-content\/uploads\/2025\/01\/WhatsApp-Image-2025-01-29-at-2.28.13-PM-600x600.jpeg 600w, https:\/\/steendesign.ae\/wp-content\/uploads\/2025\/01\/WhatsApp-Image-2025-01-29-at-2.28.13-PM-100x100.jpeg 100w\" sizes=\"(max-width: 1080px) 100vw, 1080px\" \/>\t\t\t\t\t\t\t\t\t\t\t\t\t\t\t<\/div>\n\t\t\t\t<\/div>\n\t\t\t\t\t<\/div>\n\t\t<\/div>\n\t\t\t\t<div class=\"elementor-column elementor-col-50 elementor-top-column elementor-element elementor-element-736613f\" data-id=\"736613f\" data-element_type=\"column\">\n\t\t\t<div class=\"elementor-widget-wrap elementor-element-populated\">\n\t\t\t\t\t\t<div class=\"elementor-element elementor-element-2389968 elementor-widget elementor-widget-heading\" data-id=\"2389968\" data-element_type=\"widget\" data-widget_type=\"heading.default\">\n\t\t\t\t<div class=\"elementor-widget-container\">\n\t\t\t\t\t<h2 class=\"elementor-heading-title elementor-size-default\">SteenDesign Showroom<\/h2>\t\t\t\t<\/div>\n\t\t\t\t<\/div>\n\t\t\t\t<div class=\"elementor-element elementor-element-ec51752 elementor-widget__width-initial elementor-widget elementor-widget-text-editor\" data-id=\"ec51752\" data-element_type=\"widget\" data-widget_type=\"text-editor.default\">\n\t\t\t\t<div class=\"elementor-widget-container\">\n\t\t\t\t\t\t\t\t\t<p>Register to our newsletter and we will let you know once we have opened a showroom in Dubai<\/p>\t\t\t\t\t\t\t\t<\/div>\n\t\t\t\t<\/div>\n\t\t\t\t<div class=\"elementor-element elementor-element-6c49b1e elementor-widget__width-initial elementor-widget elementor-widget-text-editor\" data-id=\"6c49b1e\" data-element_type=\"widget\" data-widget_type=\"text-editor.default\">\n\t\t\t\t<div class=\"elementor-widget-container\">\n\t\t\t\t\t\t\t\t\tWe look forward to seeing you! \t\t\t\t\t\t\t\t<\/div>\n\t\t\t\t<\/div>\n\t\t\t\t<div class=\"elementor-element elementor-element-099da31 elementor-widget__width-initial elementor-widget elementor-widget-text-editor\" data-id=\"099da31\" data-element_type=\"widget\" data-widget_type=\"text-editor.default\">\n\t\t\t\t<div class=\"elementor-widget-container\">\n\t\t\t\t\t\t\t\t\t<p>You can make appointments by phone <a href=\"tel:+4915154679999\">+4915154679999<\/a> arrange or by email at <a href=\"mailto:kundenservice@steendesign.de\">kundenservice@steendesign.de<\/a><\/p>\t\t\t\t\t\t\t\t<\/div>\n\t\t\t\t<\/div>\n\t\t\t\t\t<\/div>\n\t\t<\/div>\n\t\t\t\t      \r\n            \r\n              \r\n            \r\n            \t\r\n\t\t\t<\/div>\r\n\t\t<\/section>\r\n\t\t\t\t<section class=\"elementor-section elementor-top-section elementor-element elementor-element-96aef49 elementor-section-boxed elementor-section-height-default elementor-section-height-default\" data-id=\"96aef49\" data-element_type=\"section\">\r\n\t\t\t\t\t\t<div class=\"elementor-container elementor-column-gap-default jws_section_\" >\r\n\t\t\t\t<div class=\"elementor-column elementor-col-100 elementor-top-column elementor-element elementor-element-7363a32\" data-id=\"7363a32\" data-element_type=\"column\">\n\t\t\t<div class=\"elementor-widget-wrap elementor-element-populated\">\n\t\t\t\t\t\t\t<\/div>\n\t\t<\/div>\n\t\t\t\t      \r\n            \r\n              \r\n            \r\n            \t\r\n\t\t\t<\/div>\r\n\t\t<\/section>\r\n\t\t\t\t<\/div>","protected":false},"excerpt":{"rendered":"<p>SteenDesign Verkaufsraum Melden Sie sich f\u00fcr unseren Newsletter an und wir informieren Sie, sobald wir einen Showroom in Dubai er\u00f6ffnet haben Wir freuen uns auf Sie! Termine k\u00f6nnen Sie gerne telefonisch unter +4915154679999 vereinbaren oder per E-mail unter kundenservice@steendesign.de<\/p>","protected":false},"author":1,"featured_media":0,"parent":0,"menu_order":0,"comment_status":"closed","ping_status":"closed","template":"","meta":{"footnotes":""},"class_list":["post-18432","page","type-page","status-publish","hentry"],"_links":{"self":[{"href":"https:\/\/steendesign.ae\/en\/wp-json\/wp\/v2\/pages\/18432","targetHints":{"allow":["GET"]}}],"collection":[{"href":"https:\/\/steendesign.ae\/en\/wp-json\/wp\/v2\/pages"}],"about":[{"href":"https:\/\/steendesign.ae\/en\/wp-json\/wp\/v2\/types\/page"}],"author":[{"embeddable":true,"href":"https:\/\/steendesign.ae\/en\/wp-json\/wp\/v2\/users\/1"}],"replies":[{"embeddable":true,"href":"https:\/\/steendesign.ae\/en\/wp-json\/wp\/v2\/comments?post=18432"}],"version-history":[{"count":26,"href":"https:\/\/steendesign.ae\/en\/wp-json\/wp\/v2\/pages\/18432\/revisions"}],"predecessor-version":[{"id":30530,"href":"https:\/\/steendesign.ae\/en\/wp-json\/wp\/v2\/pages\/18432\/revisions\/30530"}],"wp:attachment":[{"href":"https:\/\/steendesign.ae\/en\/wp-json\/wp\/v2\/media?parent=18432"}],"curies":[{"name":"wp","href":"https:\/\/api.w.org\/{rel}","templated":true}]}}