{"id":17697,"date":"2024-11-26T11:19:06","date_gmt":"2024-11-26T11:19:06","guid":{"rendered":"https:\/\/development.zerosoft.in\/steendesign\/?page_id=17697"},"modified":"2025-02-18T07:56:41","modified_gmt":"2025-02-18T07:56:41","slug":"data-protection","status":"publish","type":"page","link":"https:\/\/steendesign.ae\/en\/data-protection\/","title":{"rendered":"Data Protection"},"content":{"rendered":"<div data-elementor-type=\"wp-page\" data-elementor-id=\"17697\" class=\"elementor elementor-17697\">\n\t\t\t\t\t\t<section class=\"elementor-section elementor-top-section elementor-element elementor-element-29b1a6c elementor-section-boxed elementor-section-height-default elementor-section-height-default\" data-id=\"29b1a6c\" data-element_type=\"section\" data-settings=\"{&quot;background_background&quot;:&quot;classic&quot;}\">\r\n\t\t\t\t\t\t<div class=\"elementor-container elementor-column-gap-default jws_section_\" >\r\n\t\t\t\t<div class=\"elementor-column elementor-col-100 elementor-top-column elementor-element elementor-element-b56d905\" data-id=\"b56d905\" data-element_type=\"column\">\n\t\t\t<div class=\"elementor-widget-wrap elementor-element-populated\">\n\t\t\t\t\t\t<div class=\"elementor-element elementor-element-7ee389c elementor-widget elementor-widget-heading\" data-id=\"7ee389c\" data-element_type=\"widget\" data-widget_type=\"heading.default\">\n\t\t\t\t<div class=\"elementor-widget-container\">\n\t\t\t\t\t<h3 class=\"elementor-heading-title elementor-size-default\">\nPrivacy Policy<\/h3>\t\t\t\t<\/div>\n\t\t\t\t<\/div>\n\t\t\t\t<div class=\"elementor-element elementor-element-e6b4dc3 elementor-widget elementor-widget-heading\" data-id=\"e6b4dc3\" data-element_type=\"widget\" data-widget_type=\"heading.default\">\n\t\t\t\t<div class=\"elementor-widget-container\">\n\t\t\t\t\t<h5 class=\"elementor-heading-title elementor-size-default\">This privacy policy informs you about how SteenDesign FZ-LLC (hereinafter \u201cwe\u201d or \u201cus\u201d) processes your personal data when you visit our website or use our online shop.<\/h5>\t\t\t\t<\/div>\n\t\t\t\t<\/div>\n\t\t\t\t<div class=\"elementor-element elementor-element-9ad81f8 elementor-widget elementor-widget-heading\" data-id=\"9ad81f8\" data-element_type=\"widget\" data-widget_type=\"heading.default\">\n\t\t\t\t<div class=\"elementor-widget-container\">\n\t\t\t\t\t<h4 class=\"elementor-heading-title elementor-size-default\">1. Responsible person<\/h4>\t\t\t\t<\/div>\n\t\t\t\t<\/div>\n\t\t\t\t<div class=\"elementor-element elementor-element-0e34532 elementor-widget elementor-widget-text-editor\" data-id=\"0e34532\" data-element_type=\"widget\" data-widget_type=\"text-editor.default\">\n\t\t\t\t<div class=\"elementor-widget-container\">\n\t\t\t\t\t\t\t\t\t<p>The person responsible for data processing is:<br \/>SteenDesign FZ-LLC\u00a0 <br \/>FDBC2810, Compass Building, Al Shohada Road\u00a0 <br \/>Al Hamra Industrial Zone-FZ, Ras Al Khaimah, United Arab Emirates\u00a0 <br \/><br \/>Warehouse address in Germany:\u00a0 <br \/>SteenDesign FZ-LLC\u00a0 <br \/>Landgraf Gustav Ring 3\u00a0 <br \/>61348 Bad Homburg, Germany\u00a0 <br \/><br \/>E-Mail: <a href=\"mailto:info@steendesign.com\">info@steendesign.com\u00a0 <\/a><\/p>\t\t\t\t\t\t\t\t<\/div>\n\t\t\t\t<\/div>\n\t\t\t\t<div class=\"elementor-element elementor-element-4f82386 elementor-widget elementor-widget-heading\" data-id=\"4f82386\" data-element_type=\"widget\" data-widget_type=\"heading.default\">\n\t\t\t\t<div class=\"elementor-widget-container\">\n\t\t\t\t\t<h4 class=\"elementor-heading-title elementor-size-default\">2. What data we collect<\/h4>\t\t\t\t<\/div>\n\t\t\t\t<\/div>\n\t\t\t\t<div class=\"elementor-element elementor-element-d406a6f elementor-widget elementor-widget-text-editor\" data-id=\"d406a6f\" data-element_type=\"widget\" data-widget_type=\"text-editor.default\">\n\t\t\t\t<div class=\"elementor-widget-container\">\n\t\t\t\t\t\t\t\t\t<p>We collect personal data when you visit our website, sign up for our newsletter or place an order in our online shop. This includes:<br \/>\u2013 Name, address, email address and telephone number<br \/>\u2013 Payment information (only processed via PayPal or Stripe)<br \/>\u2013 Usage data (IP address, pages visited, device data \u2013 collected via Google Analytics)<\/p>\t\t\t\t\t\t\t\t<\/div>\n\t\t\t\t<\/div>\n\t\t\t\t<div class=\"elementor-element elementor-element-2487c4b elementor-widget elementor-widget-heading\" data-id=\"2487c4b\" data-element_type=\"widget\" data-widget_type=\"heading.default\">\n\t\t\t\t<div class=\"elementor-widget-container\">\n\t\t\t\t\t<h4 class=\"elementor-heading-title elementor-size-default\">3. Purpose of data processing<\/h4>\t\t\t\t<\/div>\n\t\t\t\t<\/div>\n\t\t\t\t<div class=\"elementor-element elementor-element-4dffdc5 elementor-widget elementor-widget-text-editor\" data-id=\"4dffdc5\" data-element_type=\"widget\" data-widget_type=\"text-editor.default\">\n\t\t\t\t<div class=\"elementor-widget-container\">\n\t\t\t\t\t\t\t\t\t<p>We use your data for the following purposes:<br \/>\u2013 To process your order and deliver the products<br \/>\u2013 To respond to customer inquiries<br \/>\u2013 For marketing communication (when registering for the newsletter or WhatsApp advertising)<br \/>\u2013 To improve our offering through Google Analytics<\/p>\t\t\t\t\t\t\t\t<\/div>\n\t\t\t\t<\/div>\n\t\t\t\t<div class=\"elementor-element elementor-element-4216f71 elementor-widget elementor-widget-heading\" data-id=\"4216f71\" data-element_type=\"widget\" data-widget_type=\"heading.default\">\n\t\t\t\t<div class=\"elementor-widget-container\">\n\t\t\t\t\t<h4 class=\"elementor-heading-title elementor-size-default\">4. Sharing of data<\/h4>\t\t\t\t<\/div>\n\t\t\t\t<\/div>\n\t\t\t\t<div class=\"elementor-element elementor-element-0c4b762 elementor-widget elementor-widget-text-editor\" data-id=\"0c4b762\" data-element_type=\"widget\" data-widget_type=\"text-editor.default\">\n\t\t\t\t<div class=\"elementor-widget-container\">\n\t\t\t\t\t\t\t\t\t<p>We only pass on your personal data to third parties if this is necessary for the performance of the contract:<br \/>\u2013 Payment processing via PayPal or Stripe<br \/>\u2013 Shipping processing via DHL<br \/>\u2013 Analysis purposes via Google Analytics<\/p>\t\t\t\t\t\t\t\t<\/div>\n\t\t\t\t<\/div>\n\t\t\t\t<div class=\"elementor-element elementor-element-443fc87 elementor-widget elementor-widget-heading\" data-id=\"443fc87\" data-element_type=\"widget\" data-widget_type=\"heading.default\">\n\t\t\t\t<div class=\"elementor-widget-container\">\n\t\t\t\t\t<h4 class=\"elementor-heading-title elementor-size-default\">5. Cookies<\/h4>\t\t\t\t<\/div>\n\t\t\t\t<\/div>\n\t\t\t\t<div class=\"elementor-element elementor-element-c845c9c elementor-widget elementor-widget-text-editor\" data-id=\"c845c9c\" data-element_type=\"widget\" data-widget_type=\"text-editor.default\">\n\t\t\t\t<div class=\"elementor-widget-container\">\n\t\t\t\t\t\t\t\t\t<p>We use cookies to improve your shopping experience and to collect anonymous user data for analytics. By using our website you agree to the use of cookies.\u00a0<\/p>\t\t\t\t\t\t\t\t<\/div>\n\t\t\t\t<\/div>\n\t\t\t\t<div class=\"elementor-element elementor-element-2f813a5 elementor-widget elementor-widget-heading\" data-id=\"2f813a5\" data-element_type=\"widget\" data-widget_type=\"heading.default\">\n\t\t\t\t<div class=\"elementor-widget-container\">\n\t\t\t\t\t<h4 class=\"elementor-heading-title elementor-size-default\">6. Your Rights<\/h4>\t\t\t\t<\/div>\n\t\t\t\t<\/div>\n\t\t\t\t<div class=\"elementor-element elementor-element-2d13342 elementor-widget elementor-widget-text-editor\" data-id=\"2d13342\" data-element_type=\"widget\" data-widget_type=\"text-editor.default\">\n\t\t\t\t<div class=\"elementor-widget-container\">\n\t\t\t\t\t\t\t\t\t<p>You have the right to:<br \/>\u2013 Information about your stored data<br \/>\u2013 Correction of incorrect data<br \/>\u2013 Deletion of your data (\u201cright to be forgotten\u201d)<br \/>\u2013 Objection to the processing of your data for advertising purposes<\/p>\t\t\t\t\t\t\t\t<\/div>\n\t\t\t\t<\/div>\n\t\t\t\t<div class=\"elementor-element elementor-element-88bff12 elementor-widget elementor-widget-heading\" data-id=\"88bff12\" data-element_type=\"widget\" data-widget_type=\"heading.default\">\n\t\t\t\t<div class=\"elementor-widget-container\">\n\t\t\t\t\t<h4 class=\"elementor-heading-title elementor-size-default\">7. Contact<\/h4>\t\t\t\t<\/div>\n\t\t\t\t<\/div>\n\t\t\t\t<div class=\"elementor-element elementor-element-fb330b1 elementor-widget elementor-widget-text-editor\" data-id=\"fb330b1\" data-element_type=\"widget\" data-widget_type=\"text-editor.default\">\n\t\t\t\t<div class=\"elementor-widget-container\">\n\t\t\t\t\t\t\t\t\t<p>If you have any questions about data protection, please contact us at: <a href=\"mailto:info@steendesign.com\">info@steendesign.com<\/a>\u00a0<\/p>\t\t\t\t\t\t\t\t<\/div>\n\t\t\t\t<\/div>\n\t\t\t\t\t<\/div>\n\t\t<\/div>\n\t\t\t\t      \r\n            \r\n              \r\n            \r\n            \t\r\n\t\t\t<\/div>\r\n\t\t<\/section>\r\n\t\t\t\t<\/div>","protected":false},"excerpt":{"rendered":"<p>Datenschutzerkl\u00e4rung Diese Datenschutzerkl\u00e4rung informiert Sie dar\u00fcber, wie SteenDesign FZ-LLC (nachfolgend \u201ewir\u201c oder \u201euns\u201c) Ihre personenbezogenen Daten verarbeitet, wenn Sie unsere Website besuchen oder unseren Online-Shop nutzen. 1. Verantwortlicher Verantwortlicher f\u00fcr die Datenverarbeitung ist:SteenDesign FZ-LLC\u00a0 FDBC2810, Compass Building, Al Shohada Road\u00a0 Al Hamra Industrial Zone-FZ, Ras Al Khaimah, Vereinigte Arabische Emirate\u00a0 Lageradresse in Deutschland:\u00a0 SteenDesign FZ-LLC\u00a0 [&hellip;]<\/p>","protected":false},"author":1,"featured_media":0,"parent":0,"menu_order":0,"comment_status":"closed","ping_status":"closed","template":"","meta":{"footnotes":""},"class_list":["post-17697","page","type-page","status-publish","hentry"],"_links":{"self":[{"href":"https:\/\/steendesign.ae\/en\/wp-json\/wp\/v2\/pages\/17697","targetHints":{"allow":["GET"]}}],"collection":[{"href":"https:\/\/steendesign.ae\/en\/wp-json\/wp\/v2\/pages"}],"about":[{"href":"https:\/\/steendesign.ae\/en\/wp-json\/wp\/v2\/types\/page"}],"author":[{"embeddable":true,"href":"https:\/\/steendesign.ae\/en\/wp-json\/wp\/v2\/users\/1"}],"replies":[{"embeddable":true,"href":"https:\/\/steendesign.ae\/en\/wp-json\/wp\/v2\/comments?post=17697"}],"version-history":[{"count":158,"href":"https:\/\/steendesign.ae\/en\/wp-json\/wp\/v2\/pages\/17697\/revisions"}],"predecessor-version":[{"id":31043,"href":"https:\/\/steendesign.ae\/en\/wp-json\/wp\/v2\/pages\/17697\/revisions\/31043"}],"wp:attachment":[{"href":"https:\/\/steendesign.ae\/en\/wp-json\/wp\/v2\/media?parent=17697"}],"curies":[{"name":"wp","href":"https:\/\/api.w.org\/{rel}","templated":true}]}}