{"id":33035,"date":"2024-12-31T18:39:38","date_gmt":"2024-12-31T18:39:38","guid":{"rendered":"https:\/\/steendesign.ae\/dubai\/?post_type=product&#038;p=33035"},"modified":"2025-10-30T08:13:33","modified_gmt":"2025-10-30T08:13:33","slug":"armband-von-maq-2","status":"publish","type":"product","link":"https:\/\/steendesign.ae\/dubai\/product\/armband-von-maq-2\/","title":{"rendered":"Armband von MAQ\u2026"},"content":{"rendered":"<p>Diese wundersch\u00f6nen Armb\u00e4nder von dem kleinen aber feinen Schmucklabel MAQ werden in Handarbeit auf Mallorca mit viel Liebe hergestellt. Die Basis der Mandalas ist 18 K vergoldet, die Perlen sind Glasperlen.<\/p>\n<p>Diese l\u00e4ngenverstellbaren Zugarmb\u00e4nder in den verschiedenen Farben bringen garantiert gute Laune und Summerfeeling.<\/p>\n<p>Die Armb\u00e4nder von MAQ gibt es in Deutschland bislang nur bei SteenDesign!<\/p>\n<p>Durchmesser Mandala: 1,4 cm<\/p>\n","protected":false},"excerpt":{"rendered":"<p>Diese wundersch\u00f6nen Armb\u00e4nder von dem kleinen aber feinen Schmucklabel MAQ werden in Handarbeit auf Mallorca mit viel Liebe hergestellt. Die Basis der Mandalas ist 18 K vergoldet, die Perlen sind Glasperlen. Diese l\u00e4ngenverstellbaren Zugarmb\u00e4nder in den verschiedenen Farben bringen garantiert gute Laune und Summerfeeling. Die Armb\u00e4nder von MAQ gibt es in Deutschland bislang nur bei [&hellip;]<\/p>\n","protected":false},"featured_media":100000027560,"comment_status":"open","ping_status":"closed","template":"","meta":[],"product_brand":[],"product_cat":[276,360],"product_tag":[],"class_list":{"0":"post-33035","1":"product","2":"type-product","3":"status-publish","4":"has-post-thumbnail","6":"product_cat-schmuck","7":"product_cat-gifttheglow","9":"first","10":"instock","11":"taxable","12":"shipping-taxable","13":"purchasable","14":"product-type-variable"},"_links":{"self":[{"href":"https:\/\/steendesign.ae\/dubai\/wp-json\/wp\/v2\/product\/33035","targetHints":{"allow":["GET"]}}],"collection":[{"href":"https:\/\/steendesign.ae\/dubai\/wp-json\/wp\/v2\/product"}],"about":[{"href":"https:\/\/steendesign.ae\/dubai\/wp-json\/wp\/v2\/types\/product"}],"replies":[{"embeddable":true,"href":"https:\/\/steendesign.ae\/dubai\/wp-json\/wp\/v2\/comments?post=33035"}],"wp:featuredmedia":[{"embeddable":true,"href":"https:\/\/steendesign.ae\/dubai\/wp-json\/"}],"wp:attachment":[{"href":"https:\/\/steendesign.ae\/dubai\/wp-json\/wp\/v2\/media?parent=33035"}],"wp:term":[{"taxonomy":"product_brand","embeddable":true,"href":"https:\/\/steendesign.ae\/dubai\/wp-json\/wp\/v2\/product_brand?post=33035"},{"taxonomy":"product_cat","embeddable":true,"href":"https:\/\/steendesign.ae\/dubai\/wp-json\/wp\/v2\/product_cat?post=33035"},{"taxonomy":"product_tag","embeddable":true,"href":"https:\/\/steendesign.ae\/dubai\/wp-json\/wp\/v2\/product_tag?post=33035"}],"curies":[{"name":"wp","href":"https:\/\/api.w.org\/{rel}","templated":true}]}}