{"id":17032,"date":"2024-11-25T07:12:41","date_gmt":"2024-11-25T07:12:41","guid":{"rendered":"https:\/\/development.zerosoft.in\/steendesign\/?page_id=17032"},"modified":"2025-04-01T10:21:24","modified_gmt":"2025-04-01T10:21:24","slug":"about-information","status":"publish","type":"page","link":"https:\/\/steendesign.ae\/dubai\/about-information\/","title":{"rendered":"About SteenDesign"},"content":{"rendered":"\t\t<div data-elementor-type=\"wp-page\" data-elementor-id=\"17032\" class=\"elementor elementor-17032\">\n\t\t\t\t\t\t<section class=\"elementor-section elementor-top-section elementor-element elementor-element-e7c15d4 elementor-section-content-middle elementor-section-boxed elementor-section-height-default elementor-section-height-default\" data-id=\"e7c15d4\" data-element_type=\"section\" data-settings=\"{&quot;background_background&quot;:&quot;classic&quot;}\">\r\n\t\t\t\t\t\t<div class=\"elementor-container elementor-column-gap-default jws_section_\" >\r\n\t\t\t\t<div class=\"elementor-column elementor-col-50 elementor-top-column elementor-element elementor-element-e0f0789\" data-id=\"e0f0789\" data-element_type=\"column\">\n\t\t\t<div class=\"elementor-widget-wrap elementor-element-populated\">\n\t\t\t\t\t\t<div class=\"elementor-element elementor-element-d3a85af elementor-widget__width-initial elementor-absolute elementor-invisible elementor-widget elementor-widget-image\" data-id=\"d3a85af\" data-element_type=\"widget\" data-settings=\"{&quot;_animation&quot;:&quot;fadeInLeft&quot;,&quot;_position&quot;:&quot;absolute&quot;}\" data-widget_type=\"image.default\">\n\t\t\t\t<div class=\"elementor-widget-container\">\n\t\t\t\t\t\t\t\t\t\t\t\t\t\t\t<img decoding=\"async\" src=\"https:\/\/steendesign.ae\/dubai\/wp-content\/uploads\/sites\/4\/elementor\/thumbs\/1-qxm28fuqurl8ko23fwiy8ecpqubm35pek4r8uy41tw-r1e1drnue0s19kxqarrb51u3ww40od1iyit7gl28g4.jpg\" title=\"1-qxm28fuqurl8ko23fwiy8ecpqubm35pek4r8uy41tw\" alt=\"1-qxm28fuqurl8ko23fwiy8ecpqubm35pek4r8uy41tw\" loading=\"lazy\" \/>\t\t\t\t\t\t\t\t\t\t\t\t\t\t\t<\/div>\n\t\t\t\t<\/div>\n\t\t\t\t<div class=\"elementor-element elementor-element-47b7c1b elementor-invisible elementor-widget elementor-widget-image\" data-id=\"47b7c1b\" data-element_type=\"widget\" data-settings=\"{&quot;_animation&quot;:&quot;fadeInRight&quot;}\" data-widget_type=\"image.default\">\n\t\t\t\t<div class=\"elementor-widget-container\">\n\t\t\t\t\t\t\t\t\t\t\t\t\t\t\t<img fetchpriority=\"high\" decoding=\"async\" width=\"397\" height=\"502\" src=\"https:\/\/steendesign.ae\/dubai\/wp-content\/uploads\/sites\/4\/2025\/02\/about-1.jpg\" class=\"attachment-full size-full wp-image-30625\" alt=\"\" srcset=\"https:\/\/steendesign.ae\/dubai\/wp-content\/uploads\/sites\/4\/2025\/02\/about-1.jpg 397w, https:\/\/steendesign.ae\/dubai\/wp-content\/uploads\/sites\/4\/2025\/02\/about-1-237x300.jpg 237w, https:\/\/steendesign.ae\/dubai\/wp-content\/uploads\/sites\/4\/2025\/02\/about-1-9x12.jpg 9w\" sizes=\"(max-width: 397px) 100vw, 397px\" \/>\t\t\t\t\t\t\t\t\t\t\t\t\t\t\t<\/div>\n\t\t\t\t<\/div>\n\t\t\t\t\t<\/div>\n\t\t<\/div>\n\t\t\t\t<div class=\"elementor-column elementor-col-50 elementor-top-column elementor-element elementor-element-67c91de\" data-id=\"67c91de\" data-element_type=\"column\">\n\t\t\t<div class=\"elementor-widget-wrap elementor-element-populated\">\n\t\t\t\t\t\t<div class=\"elementor-element elementor-element-a1db3f0 elementor-invisible elementor-widget elementor-widget-image\" data-id=\"a1db3f0\" data-element_type=\"widget\" data-settings=\"{&quot;_animation&quot;:&quot;fadeInUp&quot;}\" data-widget_type=\"image.default\">\n\t\t\t\t<div class=\"elementor-widget-container\">\n\t\t\t\t\t\t\t\t\t\t\t\t\t\t\t<img decoding=\"async\" src=\"https:\/\/development.zerosoft.in\/steendesign\/wp-content\/uploads\/2022\/02\/5036886-1-1.png\" title=\"\" alt=\"\" loading=\"lazy\" \/>\t\t\t\t\t\t\t\t\t\t\t\t\t\t\t<\/div>\n\t\t\t\t<\/div>\n\t\t\t\t<div class=\"elementor-element elementor-element-8799688 elementor-invisible elementor-widget elementor-widget-heading\" data-id=\"8799688\" data-element_type=\"widget\" data-settings=\"{&quot;_animation&quot;:&quot;fadeInUp&quot;,&quot;_animation_delay&quot;:100}\" data-widget_type=\"heading.default\">\n\t\t\t\t<div class=\"elementor-widget-container\">\n\t\t\t\t\t<h2 class=\"elementor-heading-title elementor-size-default\">About SteenDesign<\/h2>\t\t\t\t<\/div>\n\t\t\t\t<\/div>\n\t\t\t\t<div class=\"elementor-element elementor-element-01046a2 elementor-widget elementor-widget-heading\" data-id=\"01046a2\" data-element_type=\"widget\" data-widget_type=\"heading.default\">\n\t\t\t\t<div class=\"elementor-widget-container\">\n\t\t\t\t\t<h4 class=\"elementor-heading-title elementor-size-default\">What is special about SteenDesign?<\/h4>\t\t\t\t<\/div>\n\t\t\t\t<\/div>\n\t\t\t\t<div class=\"elementor-element elementor-element-9f00068 elementor-widget__width-initial elementor-widget elementor-widget-text-editor\" data-id=\"9f00068\" data-element_type=\"widget\" data-widget_type=\"text-editor.default\">\n\t\t\t\t<div class=\"elementor-widget-container\">\n\t\t\t\t\t\t\t\t\t<p><strong data-start=\"74\" data-end=\"89\">SteenDesign<\/strong> is more than just an online shop \u2013 it\u2019s a place for style, expression, and freedom.<\/p>\t\t\t\t\t\t\t\t<\/div>\n\t\t\t\t<\/div>\n\t\t\t\t<div class=\"elementor-element elementor-element-64c6b1b elementor-widget__width-initial elementor-widget elementor-widget-text-editor\" data-id=\"64c6b1b\" data-element_type=\"widget\" data-widget_type=\"text-editor.default\">\n\t\t\t\t<div class=\"elementor-widget-container\">\n\t\t\t\t\t\t\t\t\t<p>With us, you&#8217;ll find carefully selected jewelry pieces that are more than just accessories. Each item has been thoughtfully chosen \u2013 currently from a small studio in Mallorca \u2013 and is exclusively available at SteenDesign.<br data-start=\"396\" data-end=\"399\" \/>Limited, characterful, and soulful.<\/p>\t\t\t\t\t\t\t\t<\/div>\n\t\t\t\t<\/div>\n\t\t\t\t<div class=\"elementor-element elementor-element-38acc59 elementor-widget__width-initial elementor-widget elementor-widget-text-editor\" data-id=\"38acc59\" data-element_type=\"widget\" data-widget_type=\"text-editor.default\">\n\t\t\t\t<div class=\"elementor-widget-container\">\n\t\t\t\t\t\t\t\t\t<p>SteenDesign stands for individuality, authenticity, and the desire to live life freely and independently \u2013 including in style. Our selection is aimed at people who are not defined by trends but by their attitude.<\/p>\t\t\t\t\t\t\t\t<\/div>\n\t\t\t\t<\/div>\n\t\t\t\t<div class=\"elementor-element elementor-element-cff9d86 elementor-widget__width-initial elementor-widget elementor-widget-text-editor\" data-id=\"cff9d86\" data-element_type=\"widget\" data-widget_type=\"text-editor.default\">\n\t\t\t\t<div class=\"elementor-widget-container\">\n\t\t\t\t\t\t\t\t\t<p class=\"\" data-start=\"650\" data-end=\"799\">In the future, you can expect more special labels and jewelry lines that align with this philosophy.<br data-start=\"750\" data-end=\"753\" \/>Less mass. More meaning.<br data-start=\"777\" data-end=\"780\" \/>A style that lasts.<\/p>\t\t\t\t\t\t\t\t<\/div>\n\t\t\t\t<\/div>\n\t\t\t\t\t<\/div>\n\t\t<\/div>\n\t\t\t\t      \r\n            \r\n              \r\n            \r\n            \t\r\n\t\t\t<\/div>\r\n\t\t<\/section>\r\n\t\t\t\t<section class=\"elementor-section elementor-top-section elementor-element elementor-element-29b1a6c elementor-hidden-desktop elementor-hidden-tablet elementor-hidden-mobile elementor-section-boxed elementor-section-height-default elementor-section-height-default\" data-id=\"29b1a6c\" data-element_type=\"section\" data-settings=\"{&quot;background_background&quot;:&quot;classic&quot;}\">\r\n\t\t\t\t\t\t<div class=\"elementor-container elementor-column-gap-default jws_section_\" >\r\n\t\t\t\t<div class=\"elementor-column elementor-col-100 elementor-top-column elementor-element elementor-element-b56d905\" data-id=\"b56d905\" data-element_type=\"column\">\n\t\t\t<div class=\"elementor-widget-wrap elementor-element-populated\">\n\t\t\t\t\t\t<div class=\"elementor-element elementor-element-36422a6 elementor-widget__width-initial elementor-widget elementor-widget-text-editor\" data-id=\"36422a6\" data-element_type=\"widget\" data-widget_type=\"text-editor.default\">\n\t\t\t\t<div class=\"elementor-widget-container\">\n\t\t\t\t\t\t\t\t\t<p>Au\u00dferdem haben wir in der Kategorie &#8220;Kinder&#8221;, &#8220;Das gibt es nur bei uns!&#8221; oder &#8220;Einzelst\u00fccke&#8221; auch Extras au\u00dferhalb des Hauptsortiments. Es lohnt sich also auch hier regelm\u00e4\u00dfig reinzuschauen.<\/p>\t\t\t\t\t\t\t\t<\/div>\n\t\t\t\t<\/div>\n\t\t\t\t<div class=\"elementor-element elementor-element-b469dfc elementor-widget__width-initial elementor-widget elementor-widget-text-editor\" data-id=\"b469dfc\" data-element_type=\"widget\" data-widget_type=\"text-editor.default\">\n\t\t\t\t<div class=\"elementor-widget-container\">\n\t\t\t\t\t\t\t\t\t<p>Gerne verpacken wir Ihnen die auserw\u00e4hlten Produkte auch als Geschenk und senden es direkt an Ihre Wunschadresse. So k\u00f6nnen Sie Ihren Liebsten eine Freude machen und sparen sich Zeit.<\/p>\t\t\t\t\t\t\t\t<\/div>\n\t\t\t\t<\/div>\n\t\t\t\t<div class=\"elementor-element elementor-element-ef3ca04 elementor-widget__width-initial elementor-widget elementor-widget-text-editor\" data-id=\"ef3ca04\" data-element_type=\"widget\" data-widget_type=\"text-editor.default\">\n\t\t\t\t<div class=\"elementor-widget-container\">\n\t\t\t\t\t\t\t\t\t<p>Dar\u00fcberhinaus helfen wir Ihnen dabei mit unserem Interior Design Team ihr Haus und ihre Terrasse in einen R\u00fcckzugsort zu verwandeln, in dem Sie Ruhe und Entspannung finden und das Gef\u00fchl haben, im Urlaub zu sein.<\/p>\t\t\t\t\t\t\t\t<\/div>\n\t\t\t\t<\/div>\n\t\t\t\t<div class=\"elementor-element elementor-element-2ef841a elementor-widget__width-initial elementor-widget elementor-widget-text-editor\" data-id=\"2ef841a\" data-element_type=\"widget\" data-widget_type=\"text-editor.default\">\n\t\t\t\t<div class=\"elementor-widget-container\">\n\t\t\t\t\t\t\t\t\t<p>Mit Hilfe Ihrer pers\u00f6nlichen W\u00fcnsche und unserer Erfahrung kreieren wir ein individuelles Gesamtkonzept aus M\u00f6beln, Accessoires, Textilien und Wandfarben. Wir arbeiten mit vielen namenhaften Herstellern wir Riviera Maison, Flamant, Eichholtz, Jardinico, etc.<\/p>\t\t\t\t\t\t\t\t<\/div>\n\t\t\t\t<\/div>\n\t\t\t\t\t<\/div>\n\t\t<\/div>\n\t\t\t\t      \r\n            \r\n              \r\n            \r\n            \t\r\n\t\t\t<\/div>\r\n\t\t<\/section>\r\n\t\t\t\t<section class=\"elementor-section elementor-top-section elementor-element elementor-element-e1a0b42 elementor-section-content-middle elementor-section-boxed elementor-section-height-default elementor-section-height-default\" data-id=\"e1a0b42\" data-element_type=\"section\" data-settings=\"{&quot;background_background&quot;:&quot;classic&quot;}\">\r\n\t\t\t\t\t\t<div class=\"elementor-container elementor-column-gap-default jws_section_\" >\r\n\t\t\t\t<div class=\"elementor-column elementor-col-50 elementor-top-column elementor-element elementor-element-40e0f59\" data-id=\"40e0f59\" data-element_type=\"column\">\n\t\t\t<div class=\"elementor-widget-wrap elementor-element-populated\">\n\t\t\t\t\t\t<div class=\"elementor-element elementor-element-5d13b8a elementor-widget elementor-widget-spacer\" data-id=\"5d13b8a\" data-element_type=\"widget\" data-widget_type=\"spacer.default\">\n\t\t\t\t<div class=\"elementor-widget-container\">\n\t\t\t\t\t\t\t<div class=\"elementor-spacer\">\n\t\t\t<div class=\"elementor-spacer-inner\"><\/div>\n\t\t<\/div>\n\t\t\t\t\t\t<\/div>\n\t\t\t\t<\/div>\n\t\t\t\t<div class=\"elementor-element elementor-element-e46d2ca elementor-widget elementor-widget-heading\" data-id=\"e46d2ca\" data-element_type=\"widget\" data-widget_type=\"heading.default\">\n\t\t\t\t<div class=\"elementor-widget-container\">\n\t\t\t\t\t<h4 class=\"elementor-heading-title elementor-size-default\">About SteenDesign and the founder Claudia Steen?<\/h4>\t\t\t\t<\/div>\n\t\t\t\t<\/div>\n\t\t\t\t<div class=\"elementor-element elementor-element-489e7a1 elementor-widget__width-initial elementor-widget elementor-widget-text-editor\" data-id=\"489e7a1\" data-element_type=\"widget\" data-widget_type=\"text-editor.default\">\n\t\t\t\t<div class=\"elementor-widget-container\">\n\t\t\t\t\t\t\t\t\t<p>Behind SteenDESIGN there is an extended family and at least 2 generations of \u201clove and life\u201d of fine home accessories and jewelry. And the affinity for the beautiful things in life.<\/p>\t\t\t\t\t\t\t\t<\/div>\n\t\t\t\t<\/div>\n\t\t\t\t<div class=\"elementor-element elementor-element-57bfc71 elementor-widget__width-initial elementor-widget elementor-widget-text-editor\" data-id=\"57bfc71\" data-element_type=\"widget\" data-widget_type=\"text-editor.default\">\n\t\t\t\t<div class=\"elementor-widget-container\">\n\t\t\t\t\t\t\t\t\t<p>The company founder is Claudia Steen. Mother of four, wife, business graduate, global citizen, commuter between Asia and Europe and of course simply a modern woman with a contemporary spirit and taste.<\/p>\t\t\t\t\t\t\t\t<\/div>\n\t\t\t\t<\/div>\n\t\t\t\t<div class=\"elementor-element elementor-element-b06aee7 elementor-widget__width-initial elementor-widget elementor-widget-text-editor\" data-id=\"b06aee7\" data-element_type=\"widget\" data-widget_type=\"text-editor.default\">\n\t\t\t\t<div class=\"elementor-widget-container\">\n\t\t\t\t\t\t\t\t\t<p>During her stay in Asia, she not only collected many impressions, but also a number of ideas and newly discovered products of all kinds. Her travels also inspired her to create her own products. Claudia Steen would now like to make her lovingly put together collection available to you in your online boutique.<\/p>\t\t\t\t\t\t\t\t<\/div>\n\t\t\t\t<\/div>\n\t\t\t\t<div class=\"elementor-element elementor-element-bd62bc7 elementor-widget__width-initial elementor-widget elementor-widget-text-editor\" data-id=\"bd62bc7\" data-element_type=\"widget\" data-widget_type=\"text-editor.default\">\n\t\t\t\t<div class=\"elementor-widget-container\">\n\t\t\t\t\t\t\t\t\t<p>You can experience your instinct and feeling for current living, jewelry and fashion trends not only in the virtual online shop, but also in your showroom in Bad Homburg. As a customer, you have the opportunity to experience, purchase and\/or pick up the products at any time during a visit on site.<\/p>\t\t\t\t\t\t\t\t<\/div>\n\t\t\t\t<\/div>\n\t\t\t\t\t<\/div>\n\t\t<\/div>\n\t\t\t\t<div class=\"elementor-column elementor-col-50 elementor-top-column elementor-element elementor-element-d5bd953\" data-id=\"d5bd953\" data-element_type=\"column\">\n\t\t\t<div class=\"elementor-widget-wrap elementor-element-populated\">\n\t\t\t\t\t\t<div class=\"elementor-element elementor-element-767ee7d elementor-widget__width-initial elementor-invisible elementor-widget elementor-widget-image\" data-id=\"767ee7d\" data-element_type=\"widget\" data-settings=\"{&quot;_animation&quot;:&quot;fadeInRight&quot;,&quot;_animation_delay&quot;:200}\" data-widget_type=\"image.default\">\n\t\t\t\t<div class=\"elementor-widget-container\">\n\t\t\t\t\t\t\t\t\t\t\t\t\t\t\t<img decoding=\"async\" src=\"https:\/\/steendesign.ae\/dubai\/wp-content\/uploads\/sites\/4\/elementor\/thumbs\/WhatsApp-Image-2025-01-29-at-2.29.27-PM-r2aud9fzjzyibnykyl5n6di7w5evivtrqggg8onkb6.jpeg\" title=\"WhatsApp Image 2025-01-29 at 2.29.27 PM\" alt=\"WhatsApp Image 2025-01-29 at 2.29.27 PM\" loading=\"lazy\" \/>\t\t\t\t\t\t\t\t\t\t\t\t\t\t\t<\/div>\n\t\t\t\t<\/div>\n\t\t\t\t\t<\/div>\n\t\t<\/div>\n\t\t\t\t      \r\n            \r\n              \r\n            \r\n            \t\r\n\t\t\t<\/div>\r\n\t\t<\/section>\r\n\t\t\t\t<\/div>\n\t\t","protected":false},"excerpt":{"rendered":"<p>About SteenDesign What is special about SteenDesign? SteenDesign is more than just an online shop \u2013 it\u2019s a place for style, expression, and freedom. With us, you&#8217;ll find carefully selected jewelry pieces that are more than just accessories. Each item has been thoughtfully chosen \u2013 currently from a small studio in Mallorca \u2013 and is [&hellip;]<\/p>\n","protected":false},"author":1,"featured_media":0,"parent":0,"menu_order":0,"comment_status":"closed","ping_status":"closed","template":"","meta":{"footnotes":""},"class_list":["post-17032","page","type-page","status-publish","hentry"],"_links":{"self":[{"href":"https:\/\/steendesign.ae\/dubai\/wp-json\/wp\/v2\/pages\/17032","targetHints":{"allow":["GET"]}}],"collection":[{"href":"https:\/\/steendesign.ae\/dubai\/wp-json\/wp\/v2\/pages"}],"about":[{"href":"https:\/\/steendesign.ae\/dubai\/wp-json\/wp\/v2\/types\/page"}],"author":[{"embeddable":true,"href":"https:\/\/steendesign.ae\/dubai\/wp-json\/wp\/v2\/users\/1"}],"replies":[{"embeddable":true,"href":"https:\/\/steendesign.ae\/dubai\/wp-json\/wp\/v2\/comments?post=17032"}],"version-history":[{"count":37,"href":"https:\/\/steendesign.ae\/dubai\/wp-json\/wp\/v2\/pages\/17032\/revisions"}],"predecessor-version":[{"id":31738,"href":"https:\/\/steendesign.ae\/dubai\/wp-json\/wp\/v2\/pages\/17032\/revisions\/31738"}],"wp:attachment":[{"href":"https:\/\/steendesign.ae\/dubai\/wp-json\/wp\/v2\/media?parent=17032"}],"curies":[{"name":"wp","href":"https:\/\/api.w.org\/{rel}","templated":true}]}}